{"id":203,"date":"2024-03-25T09:45:48","date_gmt":"2024-03-25T12:45:48","guid":{"rendered":"https:\/\/escola-siena-v3.local\/?page_id=203"},"modified":"2025-11-05T09:00:18","modified_gmt":"2025-11-05T12:00:18","slug":"unidade-1","status":"publish","type":"page","link":"https:\/\/www.escolasiena.com.br\/?page_id=203","title":{"rendered":"Fundamental Anos Iniciais"},"content":{"rendered":"\n<div class=\"wp-block-uagb-container uagb-block-1d90e4c5 alignfull uagb-is-root-container\">\n<div class=\"wp-block-uagb-advanced-heading uagb-block-53e9b33b\"><h2 class=\"uagb-heading-text\">Fundamental Anos Iniciais<\/h2><\/div>\n<\/div>\n\n\n\n<div style=\"height:20px\" aria-hidden=\"true\" class=\"wp-block-spacer\"><\/div>\n\n\n\n<div class=\"wp-block-uagb-container uagb-block-e9c5de03 alignfull uagb-is-root-container\"><div class=\"uagb-container-inner-blocks-wrap\">\n<p>O <strong>Ensino Fundamental I<\/strong>, oferecido em regime anual, \u00e9 destinado ao atendimento dos alunos com idade a partir de 6 (seis) anos completos ou a completar at\u00e9 31 de mar\u00e7o do primeiro ano letivo ou em junho desde que comprovado estudos em outra escola. Nessa etapa de ensino estimula-se o potencial de aprendizado do aluno, por meio do pleno dom\u00ednio da leitura, da escrita e do c\u00e1lculo; a intera\u00e7\u00e3o social e tecnol\u00f3gica, a aquisi\u00e7\u00e3o de compet\u00eancias e habilidades e a forma\u00e7\u00e3o de valores e atitudes adequadas \u00e0 nossa realidade e cultura. Objetiva formar cidad\u00e3os com consci\u00eancia cr\u00edtica para que possam atuar de forma representativa na sociedade e no futuro mercado de trabalho.<\/p>\n<\/div><\/div>\n\n\n\n<div class=\"wp-block-uagb-container uagb-block-1b1daee6 alignfull uagb-is-root-container\"><div class=\"uagb-container-inner-blocks-wrap\">\n<div class=\"wp-block-uagb-container uagb-block-9d4527e6\">\n<div class=\"wp-block-uagb-advanced-heading uagb-block-d83654d6\"><h2 class=\"uagb-heading-text\">1\u00b0 ANO<\/h2><\/div>\n\n\n\n<p>Para o 1\u00b0 ano tem-se a proposta por meio do material did\u00e1tico o tema &#8220;Brincar&#8221;, a partir disso foi desenvolvido o projeto &#8220;Brincar e Aprender \u00e9 s\u00f3 come\u00e7ar&#8221;, que traz a concep\u00e7\u00e3o do brincar como forma de aprendizagem. Enfatiza-se tamb\u00e9m a pr\u00e1tica da leitura e escrita de diferentes contextos. Tamb\u00e9m introduz-se as bases do empreendedorismo girando em torno do mercado de plantas. H\u00e1 tamb\u00e9m estudos de campo no Parque bot\u00e2nico da Vale.<\/p>\n<\/div>\n\n\n\n<div class=\"wp-block-uagb-container uagb-block-2b9f7f3c\">\n<div class=\"wp-block-uagb-image aligncenter uagb-block-8b7bb87f wp-block-uagb-image--layout-default wp-block-uagb-image--effect-static wp-block-uagb-image--align-center\"><figure class=\"wp-block-uagb-image__figure\"><img decoding=\"async\" srcset=\"https:\/\/www.escolasiena.com.br\/wp-content\/uploads\/2024\/03\/1ANO-1024x1024.png ,https:\/\/www.escolasiena.com.br\/wp-content\/uploads\/2024\/03\/1ANO.png 780w, https:\/\/www.escolasiena.com.br\/wp-content\/uploads\/2024\/03\/1ANO.png 360w\" sizes=\"auto, (max-width: 480px) 150px\" src=\"https:\/\/www.escolasiena.com.br\/wp-content\/uploads\/2024\/03\/1ANO-1024x1024.png\" alt=\"\" class=\"uag-image-306\" width=\"276\" height=\"276\" title=\"1\u00ba Ano\" loading=\"lazy\" role=\"img\"\/><\/figure><\/div>\n<\/div>\n<\/div><\/div>\n\n\n\n<div class=\"wp-block-uagb-container uagb-block-f3a0e07a alignfull uagb-is-root-container\"><div class=\"uagb-container-inner-blocks-wrap\">\n<div class=\"wp-block-uagb-container uagb-block-f9867a90\">\n<div class=\"wp-block-uagb-image aligncenter uagb-block-c6ccca47 wp-block-uagb-image--layout-default wp-block-uagb-image--effect-static wp-block-uagb-image--align-center\"><figure class=\"wp-block-uagb-image__figure\"><img decoding=\"async\" srcset=\"https:\/\/www.escolasiena.com.br\/wp-content\/uploads\/2024\/03\/2ANO-1024x1024.png ,https:\/\/www.escolasiena.com.br\/wp-content\/uploads\/2024\/03\/2ANO.png 780w, https:\/\/www.escolasiena.com.br\/wp-content\/uploads\/2024\/03\/2ANO.png 360w\" sizes=\"auto, (max-width: 480px) 150px\" src=\"https:\/\/www.escolasiena.com.br\/wp-content\/uploads\/2024\/03\/2ANO-1024x1024.png\" alt=\"\" class=\"uag-image-307\" width=\"276\" height=\"276\" title=\"2\u00ba Ano\" loading=\"lazy\" role=\"img\"\/><\/figure><\/div>\n<\/div>\n\n\n\n<div class=\"wp-block-uagb-container uagb-block-a59007ca\">\n<div class=\"wp-block-uagb-advanced-heading uagb-block-44d7a003\"><h2 class=\"uagb-heading-text\">2\u00b0 ANO<\/h2><\/div>\n\n\n\n<p>Para o 2\u00b0 ano prop\u00f5e-se o projeto &#8220;Interagir e proteger os animais&#8221;, com o objetivo de semear em cada crian\u00e7a a percep\u00e7\u00e3o da natureza, faz\u00ea-la vivenciar a intera\u00e7\u00e3o com o ambiente e, assim, despertar a sensibilidade e aten\u00e7\u00e3o para o que acontece ao seu redor. \u00c9 feito a leitura e compreens\u00e3o de diversas reportagens advindas desse contexto ambiental. O estudo de empreendedorismo tamb\u00e9m \u00e9 voltado a essa tem\u00e1tica. H\u00e1 estudos de campo no Vale do Moxuara.<\/p>\n<\/div>\n<\/div><\/div>\n\n\n\n<div class=\"wp-block-uagb-container uagb-block-df3dcef9 alignfull uagb-is-root-container\"><div class=\"uagb-container-inner-blocks-wrap\">\n<div class=\"wp-block-uagb-container uagb-block-09b67cae\">\n<div class=\"wp-block-uagb-advanced-heading uagb-block-6a1a6890\"><h2 class=\"uagb-heading-text\">3\u00b0 ANO<\/h2><\/div>\n\n\n\n<p>O 3\u00b0 possui em seu material did\u00e1tico a tem\u00e1tica &#8220;Cultura&#8221;, que visa atrav\u00e9s do projeto &#8220;\u00cdndio, voc\u00ea tamb\u00e9m faz parte dessa tribo!&#8221;, no qual os alunos acompanhados pelos professores ter\u00e3o seu aprendizado girando em torno da cultura desde o descobrimento da cultura ind\u00edgena at\u00e9 a atualidade. O pensamento empreendedor se unifica \u00e0s ideias culturais. H\u00e1 aulas de campo na Aldeia Piraquea\u00e7u. <\/p>\n<\/div>\n\n\n\n<div class=\"wp-block-uagb-container uagb-block-e2ce7cf9\">\n<div class=\"wp-block-uagb-image aligncenter uagb-block-5f16a508 wp-block-uagb-image--layout-default wp-block-uagb-image--effect-static wp-block-uagb-image--align-center\"><figure class=\"wp-block-uagb-image__figure\"><img decoding=\"async\" srcset=\"https:\/\/www.escolasiena.com.br\/wp-content\/uploads\/2024\/03\/3ANO-1024x1024.jpg ,https:\/\/www.escolasiena.com.br\/wp-content\/uploads\/2024\/03\/3ANO.jpg 780w, https:\/\/www.escolasiena.com.br\/wp-content\/uploads\/2024\/03\/3ANO.jpg 360w\" sizes=\"auto, (max-width: 480px) 150px\" src=\"https:\/\/www.escolasiena.com.br\/wp-content\/uploads\/2024\/03\/3ANO-1024x1024.jpg\" alt=\"\" class=\"uag-image-308\" width=\"276\" height=\"276\" title=\"3\u00ba Ano\" loading=\"lazy\" role=\"img\"\/><\/figure><\/div>\n<\/div>\n<\/div><\/div>\n\n\n\n<div class=\"wp-block-uagb-container uagb-block-5f139c88 alignfull uagb-is-root-container\"><div class=\"uagb-container-inner-blocks-wrap\">\n<div class=\"wp-block-uagb-container uagb-block-70e65ede\">\n<div class=\"wp-block-uagb-image aligncenter uagb-block-4b35c5d3 wp-block-uagb-image--layout-default wp-block-uagb-image--effect-static wp-block-uagb-image--align-center\"><figure class=\"wp-block-uagb-image__figure\"><img decoding=\"async\" srcset=\"https:\/\/www.escolasiena.com.br\/wp-content\/uploads\/2024\/03\/4ANO-1024x1024.png ,https:\/\/www.escolasiena.com.br\/wp-content\/uploads\/2024\/03\/4ANO.png 780w, https:\/\/www.escolasiena.com.br\/wp-content\/uploads\/2024\/03\/4ANO.png 360w\" sizes=\"auto, (max-width: 480px) 150px\" src=\"https:\/\/www.escolasiena.com.br\/wp-content\/uploads\/2024\/03\/4ANO-1024x1024.png\" alt=\"\" class=\"uag-image-309\" width=\"276\" height=\"276\" title=\"4\u00ba Ano\" loading=\"lazy\" role=\"img\"\/><\/figure><\/div>\n<\/div>\n\n\n\n<div class=\"wp-block-uagb-container uagb-block-d7ff7f9b\">\n<div class=\"wp-block-uagb-advanced-heading uagb-block-198c7569\"><h2 class=\"uagb-heading-text\">4\u00b0 ANO<\/h2><\/div>\n\n\n\n<p>O projeto de identidade do 4\u00ba ano apresenta a proposta por meio do material did\u00e1tico o eixo tem\u00e1tico \u201cViv\u00eancias\u201d, a partir deste foi desenvolvido o projeto \u201cCom Viv\u00eancias rumo a sustentabilidade e cidadania!\u201d, no qual os alunos com a interven\u00e7\u00e3o das ir\u00e3o trabalhar a concep\u00e7\u00e3o de harmonia com o ambiente e com o pr\u00f3ximo. O estudo de campo ser\u00e1 no projeto Conhecer na Arcelor.<\/p>\n<\/div>\n<\/div><\/div>\n\n\n\n<div class=\"wp-block-uagb-container uagb-block-16f3bf2a alignfull uagb-is-root-container\"><div class=\"uagb-container-inner-blocks-wrap\">\n<div class=\"wp-block-uagb-container uagb-block-ef598205\">\n<div class=\"wp-block-uagb-advanced-heading uagb-block-644fbf3b\"><h2 class=\"uagb-heading-text\">5\u00b0 ANO<\/h2><\/div>\n\n\n\n<p>O projeto do 5\u00ba ano apresenta a proposta de promover a leitura de mundo na Era da Informa\u00e7\u00e3o por meio do material did\u00e1tico sobre \u201cTecnologias\u201d, foi desenvolvido o projeto de identidade \u201cTecnologia dos alimentos: incorporando o passado, presente e futuro\u201d com o intuito de aprimorar o conhecimento a respeito da Tecnologia dos Alimentos, a professora regente junto com o professor de educa\u00e7\u00e3o f\u00edsica, ter\u00e3o suas atividades voltadas \u00e0 inova\u00e7\u00e3o e com isso est\u00e3o investido constantemente em pesquisa e desenvolvimento tecnol\u00f3gico, visando definir melhorias nesse ramo para inov\u00e1-lo.<\/p>\n<\/div>\n\n\n\n<div class=\"wp-block-uagb-container uagb-block-f48e0445\">\n<div class=\"wp-block-uagb-image aligncenter uagb-block-47ddbf80 wp-block-uagb-image--layout-default wp-block-uagb-image--effect-static wp-block-uagb-image--align-center\"><figure class=\"wp-block-uagb-image__figure\"><img decoding=\"async\" srcset=\"https:\/\/www.escolasiena.com.br\/wp-content\/uploads\/2024\/03\/5ANO-1024x1024.png ,https:\/\/www.escolasiena.com.br\/wp-content\/uploads\/2024\/03\/5ANO.png 780w, https:\/\/www.escolasiena.com.br\/wp-content\/uploads\/2024\/03\/5ANO.png 360w\" sizes=\"auto, (max-width: 480px) 150px\" src=\"https:\/\/www.escolasiena.com.br\/wp-content\/uploads\/2024\/03\/5ANO-1024x1024.png\" alt=\"\" class=\"uag-image-310\" width=\"276\" height=\"276\" title=\"5\u00ba Ano\" loading=\"lazy\" role=\"img\"\/><\/figure><\/div>\n<\/div>\n<\/div><\/div>\n","protected":false},"excerpt":{"rendered":"<p>Fundamental Anos Iniciais O Ensino Fundamental I, oferecido em regime anual, \u00e9 destinado ao atendimento dos alunos com idade a [&hellip;]<\/p>\n","protected":false},"author":1,"featured_media":0,"parent":0,"menu_order":0,"comment_status":"closed","ping_status":"closed","template":"","meta":{"_uag_custom_page_level_css":"","site-sidebar-layout":"default","site-content-layout":"","ast-site-content-layout":"default","site-content-style":"default","site-sidebar-style":"default","ast-global-header-display":"","ast-banner-title-visibility":"","ast-main-header-display":"","ast-hfb-above-header-display":"","ast-hfb-below-header-display":"","ast-hfb-mobile-header-display":"","site-post-title":"disabled","ast-breadcrumbs-content":"","ast-featured-img":"","footer-sml-layout":"","ast-disable-related-posts":"","theme-transparent-header-meta":"","adv-header-id-meta":"","stick-header-meta":"","header-above-stick-meta":"","header-main-stick-meta":"","header-below-stick-meta":"","astra-migrate-meta-layouts":"default","ast-page-background-enabled":"default","ast-page-background-meta":{"desktop":{"background-color":"var(--ast-global-color-4)","background-image":"","background-repeat":"repeat","background-position":"center center","background-size":"auto","background-attachment":"scroll","background-type":"","background-media":"","overlay-type":"","overlay-color":"","overlay-opacity":"","overlay-gradient":""},"tablet":{"background-color":"","background-image":"","background-repeat":"repeat","background-position":"center center","background-size":"auto","background-attachment":"scroll","background-type":"","background-media":"","overlay-type":"","overlay-color":"","overlay-opacity":"","overlay-gradient":""},"mobile":{"background-color":"","background-image":"","background-repeat":"repeat","background-position":"center center","background-size":"auto","background-attachment":"scroll","background-type":"","background-media":"","overlay-type":"","overlay-color":"","overlay-opacity":"","overlay-gradient":""}},"ast-content-background-meta":{"desktop":{"background-color":"var(--ast-global-color-5)","background-image":"","background-repeat":"repeat","background-position":"center center","background-size":"auto","background-attachment":"scroll","background-type":"","background-media":"","overlay-type":"","overlay-color":"","overlay-opacity":"","overlay-gradient":""},"tablet":{"background-color":"var(--ast-global-color-5)","background-image":"","background-repeat":"repeat","background-position":"center center","background-size":"auto","background-attachment":"scroll","background-type":"","background-media":"","overlay-type":"","overlay-color":"","overlay-opacity":"","overlay-gradient":""},"mobile":{"background-color":"var(--ast-global-color-5)","background-image":"","background-repeat":"repeat","background-position":"center center","background-size":"auto","background-attachment":"scroll","background-type":"","background-media":"","overlay-type":"","overlay-color":"","overlay-opacity":"","overlay-gradient":""}},"footnotes":""},"class_list":["post-203","page","type-page","status-publish","hentry"],"uagb_featured_image_src":{"full":false,"thumbnail":false,"medium":false,"medium_large":false,"large":false,"1536x1536":false,"2048x2048":false},"uagb_author_info":{"display_name":"esmeraldo","author_link":"https:\/\/www.escolasiena.com.br\/?author=1"},"uagb_comment_info":0,"uagb_excerpt":"Fundamental Anos Iniciais O Ensino Fundamental I, oferecido em regime anual, \u00e9 destinado ao atendimento dos alunos com idade a [&hellip;]","_links":{"self":[{"href":"https:\/\/www.escolasiena.com.br\/index.php?rest_route=\/wp\/v2\/pages\/203","targetHints":{"allow":["GET"]}}],"collection":[{"href":"https:\/\/www.escolasiena.com.br\/index.php?rest_route=\/wp\/v2\/pages"}],"about":[{"href":"https:\/\/www.escolasiena.com.br\/index.php?rest_route=\/wp\/v2\/types\/page"}],"author":[{"embeddable":true,"href":"https:\/\/www.escolasiena.com.br\/index.php?rest_route=\/wp\/v2\/users\/1"}],"replies":[{"embeddable":true,"href":"https:\/\/www.escolasiena.com.br\/index.php?rest_route=%2Fwp%2Fv2%2Fcomments&post=203"}],"version-history":[{"count":28,"href":"https:\/\/www.escolasiena.com.br\/index.php?rest_route=\/wp\/v2\/pages\/203\/revisions"}],"predecessor-version":[{"id":1652,"href":"https:\/\/www.escolasiena.com.br\/index.php?rest_route=\/wp\/v2\/pages\/203\/revisions\/1652"}],"wp:attachment":[{"href":"https:\/\/www.escolasiena.com.br\/index.php?rest_route=%2Fwp%2Fv2%2Fmedia&parent=203"}],"curies":[{"name":"wp","href":"https:\/\/api.w.org\/{rel}","templated":true}]}}