{"id":204,"date":"2024-03-25T09:45:48","date_gmt":"2024-03-25T12:45:48","guid":{"rendered":"https:\/\/escola-siena-v3.local\/?page_id=204"},"modified":"2025-11-05T08:58:55","modified_gmt":"2025-11-05T11:58:55","slug":"unidade-2","status":"publish","type":"page","link":"https:\/\/www.escolasiena.com.br\/?page_id=204","title":{"rendered":"Fundamental Anos Finais"},"content":{"rendered":"\n<div class=\"wp-block-uagb-container uagb-block-d020f6df alignfull uagb-is-root-container\">\n<div class=\"wp-block-uagb-advanced-heading uagb-block-de9ed49f\"><h2 class=\"uagb-heading-text\">Fundamental Anos Finais<\/h2><\/div>\n<\/div>\n\n\n\n<div style=\"height:20px\" aria-hidden=\"true\" class=\"wp-block-spacer\"><\/div>\n\n\n\n<div class=\"wp-block-uagb-container uagb-block-e37d7823 alignfull uagb-is-root-container\"><div class=\"uagb-container-inner-blocks-wrap\">\n<p>O <strong>Ensino Fundamental II<\/strong>, com base nas Diretrizes Curriculares Nacionais para o Ensino Fundamental, a Escola Siena estabelece como norteadores de suas a\u00e7\u00f5es pedag\u00f3gicas:<\/p>\n\n\n\n<ul class=\"wp-block-list\">\n<li>os princ\u00edpios \u00e9ticos da autonomia, da responsabilidade, da solidariedade e do respeito ao bem comum;<\/li>\n\n\n\n<li>os princ\u00edpios dos Direitos e Deveres da Cidadania, do exerc\u00edcio da criticidade e do respeito \u00e0 ordem democr\u00e1tica;<\/li>\n\n\n\n<li>os princ\u00edpios est\u00e9ticos da sensibilidade, da criatividade e da diversidade de manifesta\u00e7\u00f5es art\u00edsticas e culturais.<\/li>\n<\/ul>\n\n\n\n<p>Assim, a Escola Siena&nbsp; garante a igualdade de acesso para alunos a uma Base Nacional Comum, de maneira a legitimar a unidade e a qualidade da a\u00e7\u00e3o pedag\u00f3gica na diversidade nacional. Utiliza, tamb\u00e9m, a parte diversificada de sua proposta curricular para enriquecer e complementar a Base Nacional comum, propiciando, de maneira espec\u00edfica, a introdu\u00e7\u00e3o de projetos e atividades do interesse das comunidades.<\/p>\n<\/div><\/div>\n\n\n\n<div class=\"wp-block-uagb-container uagb-block-25b8e1bb alignfull uagb-is-root-container\"><div class=\"uagb-container-inner-blocks-wrap\">\n<div class=\"wp-block-uagb-container uagb-block-8aa8eae3\">\n<h2 class=\"wp-block-heading\">6\u00b0 ANO<\/h2>\n\n\n\n<p class=\"has-text-align-left\">O projeto de identidade do 6\u00ba ano apresenta a proposta por meio do material did\u00e1tico o eixo tem\u00e1tico \u201cUm mundo de conhecimento\u201d, a partir disso foi desenvolvido o projeto \u201cConhecendo a Serra\u201d, no qual os alunos com a interven\u00e7\u00e3o dos professores representantes&nbsp; ir\u00e3o apresentar o teatro narrativo e uma dan\u00e7a interpretando a lenda o P\u00e1ssaro de Fogo e o&nbsp; estudo de campo ser\u00e1 na Marca Ambiental.<\/p>\n<\/div>\n\n\n\n<div class=\"wp-block-uagb-container uagb-block-ec7cfe0f\">\n<div class=\"wp-block-uagb-image aligncenter uagb-block-d5fbb20b wp-block-uagb-image--layout-default wp-block-uagb-image--effect-static wp-block-uagb-image--align-center\"><figure class=\"wp-block-uagb-image__figure\"><img decoding=\"async\" srcset=\"https:\/\/www.escolasiena.com.br\/wp-content\/uploads\/2024\/03\/6ANO-935x1024.png ,https:\/\/www.escolasiena.com.br\/wp-content\/uploads\/2024\/03\/6ANO-935x1024.png 780w, https:\/\/www.escolasiena.com.br\/wp-content\/uploads\/2024\/03\/6ANO.png 360w\" sizes=\"auto, (max-width: 480px) 150px\" src=\"https:\/\/www.escolasiena.com.br\/wp-content\/uploads\/2024\/03\/6ANO-935x1024.png\" alt=\"\" class=\"uag-image-314\" width=\"276\" height=\"276\" title=\"6\u00ba Ano\" loading=\"lazy\" role=\"img\"\/><\/figure><\/div>\n<\/div>\n<\/div><\/div>\n\n\n\n<div class=\"wp-block-uagb-container uagb-block-a6b8da6a alignfull uagb-is-root-container\"><div class=\"uagb-container-inner-blocks-wrap\">\n<div class=\"wp-block-uagb-container uagb-block-7e079193\">\n<div class=\"wp-block-uagb-image aligncenter uagb-block-8280c67e wp-block-uagb-image--layout-default wp-block-uagb-image--effect-static wp-block-uagb-image--align-center\"><figure class=\"wp-block-uagb-image__figure\"><img decoding=\"async\" srcset=\"https:\/\/www.escolasiena.com.br\/wp-content\/uploads\/2024\/03\/7ANO-945x1024.png ,https:\/\/www.escolasiena.com.br\/wp-content\/uploads\/2024\/03\/7ANO.png 780w, https:\/\/www.escolasiena.com.br\/wp-content\/uploads\/2024\/03\/7ANO.png 360w\" sizes=\"auto, (max-width: 480px) 150px\" src=\"https:\/\/www.escolasiena.com.br\/wp-content\/uploads\/2024\/03\/7ANO-945x1024.png\" alt=\"\" class=\"uag-image-315\" width=\"276\" height=\"276\" title=\"7\u00ba Ano\" loading=\"lazy\" role=\"img\"\/><\/figure><\/div>\n<\/div>\n\n\n\n<div class=\"wp-block-uagb-container uagb-block-f2334ca8\">\n<h2 class=\"wp-block-heading\">7\u00b0 ANO<\/h2>\n\n\n\n<p>O projeto de identidade do 7\u00ba ano apresenta a proposta por meio do material did\u00e1tico o eixo tem\u00e1tico \u201cUm mundo de conhecimento\u201d, logo foi desenvolvido o projeto \u201cEu, Centro do Universo?\u201d, no qual os alunos com a interven\u00e7\u00e3o dos professores representantes ir\u00e3o trabalhar com o cooperativismo e o estudo de campo ser\u00e1 a visita na Associa\u00e7\u00e3o das Paneleiras.<\/p>\n<\/div>\n<\/div><\/div>\n\n\n\n<div class=\"wp-block-uagb-container uagb-block-4c4105eb alignfull uagb-is-root-container\"><div class=\"uagb-container-inner-blocks-wrap\">\n<div class=\"wp-block-uagb-container uagb-block-5b9f179b\">\n<h2 class=\"wp-block-heading\">8\u00b0 ANO<\/h2>\n\n\n\n<p>O projeto de identidade do 8\u00ba ano apresenta a proposta por meio do material did\u00e1tico o eixo tem\u00e1tico \u201cUm mundo de conhecimento\u201d, ademais foi desenvolvido o projeto \u201cMente S\u00e3, Corpo S\u00e3o\u201d, no qual os alunos com a interven\u00e7\u00e3o dos professores representantes ir\u00e3o trabalhar o respeito consigo e com o pr\u00f3ximo. O estudo de campo Centro de Biologia e Hist\u00f3ria e intui\u00e7\u00f5es assistidas em campanha na Escola.<\/p>\n<\/div>\n\n\n\n<div class=\"wp-block-uagb-container uagb-block-e67d6eb1\">\n<div class=\"wp-block-uagb-image aligncenter uagb-block-b83a2292 wp-block-uagb-image--layout-default wp-block-uagb-image--effect-static wp-block-uagb-image--align-center\"><figure class=\"wp-block-uagb-image__figure\"><img decoding=\"async\" srcset=\"https:\/\/www.escolasiena.com.br\/wp-content\/uploads\/2024\/03\/8ANO-940x1024.png ,https:\/\/www.escolasiena.com.br\/wp-content\/uploads\/2024\/03\/8ANO.png 780w, https:\/\/www.escolasiena.com.br\/wp-content\/uploads\/2024\/03\/8ANO.png 360w\" sizes=\"auto, (max-width: 480px) 150px\" src=\"https:\/\/www.escolasiena.com.br\/wp-content\/uploads\/2024\/03\/8ANO-940x1024.png\" alt=\"\" class=\"uag-image-316\" width=\"276\" height=\"276\" title=\"8\u00ba Ano\" loading=\"lazy\" role=\"img\"\/><\/figure><\/div>\n<\/div>\n<\/div><\/div>\n\n\n\n<div class=\"wp-block-uagb-container uagb-block-8c1b215b alignfull uagb-is-root-container\"><div class=\"uagb-container-inner-blocks-wrap\">\n<div class=\"wp-block-uagb-container uagb-block-c65895a3\">\n<div class=\"wp-block-uagb-image aligncenter uagb-block-c255bc3d wp-block-uagb-image--layout-default wp-block-uagb-image--effect-static wp-block-uagb-image--align-center\"><figure class=\"wp-block-uagb-image__figure\"><img decoding=\"async\" srcset=\"https:\/\/www.escolasiena.com.br\/wp-content\/uploads\/2024\/03\/9ANO-941x1024.png ,https:\/\/www.escolasiena.com.br\/wp-content\/uploads\/2024\/03\/9ANO.png 780w, https:\/\/www.escolasiena.com.br\/wp-content\/uploads\/2024\/03\/9ANO-941x1024.png 360w\" sizes=\"auto, (max-width: 480px) 150px\" src=\"https:\/\/www.escolasiena.com.br\/wp-content\/uploads\/2024\/03\/9ANO-941x1024.png\" alt=\"\" class=\"uag-image-318\" width=\"276\" height=\"276\" title=\"9\u00ba Ano\" loading=\"lazy\" role=\"img\"\/><\/figure><\/div>\n<\/div>\n\n\n\n<div class=\"wp-block-uagb-container uagb-block-50722fb8\">\n<h2 class=\"wp-block-heading\">9\u00b0 ANO<\/h2>\n\n\n\n<p>O projeto de identidade do 9\u00ba ano apresenta a proposta por meio do material did\u00e1tico o eixo tem\u00e1tico \u201cUm mundo de conhecimento\u201d, a partir da\u00ed foi desenvolvido o projeto \u201cProdutora Cultural, rumo \u00e0 cidadania\u201d, no qual os alunos com interven\u00e7\u00e3o dos professores representantes o ir\u00e3o identificar formas de produzir cultura. O Estudo de campo ser\u00e1 no Centro de Ci\u00eancias e F\u00edsica. Parceiros (Vale e Arcellor).<\/p>\n<\/div>\n<\/div><\/div>\n","protected":false},"excerpt":{"rendered":"<p>Fundamental Anos Finais O Ensino Fundamental II, com base nas Diretrizes Curriculares Nacionais para o Ensino Fundamental, a Escola Siena [&hellip;]<\/p>\n","protected":false},"author":1,"featured_media":0,"parent":0,"menu_order":0,"comment_status":"closed","ping_status":"closed","template":"","meta":{"_uag_custom_page_level_css":"","site-sidebar-layout":"default","site-content-layout":"","ast-site-content-layout":"default","site-content-style":"default","site-sidebar-style":"default","ast-global-header-display":"","ast-banner-title-visibility":"","ast-main-header-display":"","ast-hfb-above-header-display":"","ast-hfb-below-header-display":"","ast-hfb-mobile-header-display":"","site-post-title":"disabled","ast-breadcrumbs-content":"","ast-featured-img":"","footer-sml-layout":"","ast-disable-related-posts":"","theme-transparent-header-meta":"","adv-header-id-meta":"","stick-header-meta":"","header-above-stick-meta":"","header-main-stick-meta":"","header-below-stick-meta":"","astra-migrate-meta-layouts":"default","ast-page-background-enabled":"default","ast-page-background-meta":{"desktop":{"background-color":"var(--ast-global-color-4)","background-image":"","background-repeat":"repeat","background-position":"center center","background-size":"auto","background-attachment":"scroll","background-type":"","background-media":"","overlay-type":"","overlay-color":"","overlay-opacity":"","overlay-gradient":""},"tablet":{"background-color":"","background-image":"","background-repeat":"repeat","background-position":"center center","background-size":"auto","background-attachment":"scroll","background-type":"","background-media":"","overlay-type":"","overlay-color":"","overlay-opacity":"","overlay-gradient":""},"mobile":{"background-color":"","background-image":"","background-repeat":"repeat","background-position":"center center","background-size":"auto","background-attachment":"scroll","background-type":"","background-media":"","overlay-type":"","overlay-color":"","overlay-opacity":"","overlay-gradient":""}},"ast-content-background-meta":{"desktop":{"background-color":"var(--ast-global-color-5)","background-image":"","background-repeat":"repeat","background-position":"center center","background-size":"auto","background-attachment":"scroll","background-type":"","background-media":"","overlay-type":"","overlay-color":"","overlay-opacity":"","overlay-gradient":""},"tablet":{"background-color":"var(--ast-global-color-5)","background-image":"","background-repeat":"repeat","background-position":"center center","background-size":"auto","background-attachment":"scroll","background-type":"","background-media":"","overlay-type":"","overlay-color":"","overlay-opacity":"","overlay-gradient":""},"mobile":{"background-color":"var(--ast-global-color-5)","background-image":"","background-repeat":"repeat","background-position":"center center","background-size":"auto","background-attachment":"scroll","background-type":"","background-media":"","overlay-type":"","overlay-color":"","overlay-opacity":"","overlay-gradient":""}},"footnotes":""},"class_list":["post-204","page","type-page","status-publish","hentry"],"uagb_featured_image_src":{"full":false,"thumbnail":false,"medium":false,"medium_large":false,"large":false,"1536x1536":false,"2048x2048":false},"uagb_author_info":{"display_name":"esmeraldo","author_link":"https:\/\/www.escolasiena.com.br\/?author=1"},"uagb_comment_info":0,"uagb_excerpt":"Fundamental Anos Finais O Ensino Fundamental II, com base nas Diretrizes Curriculares Nacionais para o Ensino Fundamental, a Escola Siena [&hellip;]","_links":{"self":[{"href":"https:\/\/www.escolasiena.com.br\/index.php?rest_route=\/wp\/v2\/pages\/204","targetHints":{"allow":["GET"]}}],"collection":[{"href":"https:\/\/www.escolasiena.com.br\/index.php?rest_route=\/wp\/v2\/pages"}],"about":[{"href":"https:\/\/www.escolasiena.com.br\/index.php?rest_route=\/wp\/v2\/types\/page"}],"author":[{"embeddable":true,"href":"https:\/\/www.escolasiena.com.br\/index.php?rest_route=\/wp\/v2\/users\/1"}],"replies":[{"embeddable":true,"href":"https:\/\/www.escolasiena.com.br\/index.php?rest_route=%2Fwp%2Fv2%2Fcomments&post=204"}],"version-history":[{"count":18,"href":"https:\/\/www.escolasiena.com.br\/index.php?rest_route=\/wp\/v2\/pages\/204\/revisions"}],"predecessor-version":[{"id":1651,"href":"https:\/\/www.escolasiena.com.br\/index.php?rest_route=\/wp\/v2\/pages\/204\/revisions\/1651"}],"wp:attachment":[{"href":"https:\/\/www.escolasiena.com.br\/index.php?rest_route=%2Fwp%2Fv2%2Fmedia&parent=204"}],"curies":[{"name":"wp","href":"https:\/\/api.w.org\/{rel}","templated":true}]}}