{"id":332,"date":"2024-04-01T11:19:38","date_gmt":"2024-04-01T14:19:38","guid":{"rendered":"https:\/\/escola-siena-v3.local\/?page_id=332"},"modified":"2024-06-25T11:28:21","modified_gmt":"2024-06-25T14:28:21","slug":"siena-kids","status":"publish","type":"page","link":"https:\/\/www.escolasiena.com.br\/?page_id=332","title":{"rendered":"Siena Kids"},"content":{"rendered":"\n<div class=\"wp-block-uagb-container uagb-block-c185c36d alignfull uagb-is-root-container\">\n<div class=\"wp-block-uagb-advanced-heading uagb-block-c92d44b4\"><h2 class=\"uagb-heading-text\">Siena Kids<\/h2><\/div>\n<\/div>\n\n\n\n<div class=\"wp-block-uagb-container uagb-block-a2dea9b7 alignfull uagb-is-root-container\"><div class=\"uagb-container-inner-blocks-wrap\">\n<div class=\"wp-block-uagb-container uagb-block-bcdcd276\">\n<div class=\"wp-block-uagb-advanced-heading uagb-block-6a08175d\"><h2 class=\"uagb-heading-text\">Grupo IV<\/h2><\/div>\n\n\n\n<p>Para o Grupo IV o Eixo tem\u00e1tico \u00e9 M\u00fasica e o Projeto de identidade \u00e9\u00a0<strong>\u201cSons e formas e cores no Mundo&#8221;<\/strong>. Esse projeto busca o desenvolvimento das crian\u00e7as por meio das linguagens art\u00edsticas como M\u00fasica e Dan\u00e7a, ampliando o conhecimento e maneiras de express\u00e3o. Ensina a perceber as varia\u00e7\u00f5es sonoras e as sensa\u00e7\u00f5es causadas pelos ritmos no corpo. Um trabalho voltado para o ritmo, mem\u00f3ria e rima, com o estudo de campo interligado ao empreendedorismo e aos valores socioemocionais empatia e respeito.<\/p>\n<\/div>\n\n\n\n<div class=\"wp-block-uagb-container uagb-block-73308f1b\">\n<div class=\"wp-block-uagb-image aligncenter uagb-block-7fb3f1ab wp-block-uagb-image--layout-default wp-block-uagb-image--effect-static wp-block-uagb-image--align-center\"><figure class=\"wp-block-uagb-image__figure\"><img decoding=\"async\" srcset=\"https:\/\/www.escolasiena.com.br\/wp-content\/uploads\/2024\/06\/2-1024x1024.jpg ,https:\/\/www.escolasiena.com.br\/wp-content\/uploads\/2024\/06\/2-scaled.jpg 780w, https:\/\/www.escolasiena.com.br\/wp-content\/uploads\/2024\/06\/2-scaled.jpg 360w\" sizes=\"auto, (max-width: 480px) 150px\" src=\"https:\/\/www.escolasiena.com.br\/wp-content\/uploads\/2024\/06\/2-1024x1024.jpg\" alt=\"\" class=\"uag-image-1611\" width=\"278\" height=\"278\" title=\"Grupo IV\" loading=\"lazy\" role=\"img\"\/><\/figure><\/div>\n<\/div>\n<\/div><\/div>\n\n\n\n<div class=\"wp-block-uagb-container uagb-block-c5148886 alignfull uagb-is-root-container\"><div class=\"uagb-container-inner-blocks-wrap\">\n<div class=\"wp-block-uagb-container uagb-block-7cfe1c56\">\n<div class=\"wp-block-uagb-image aligncenter uagb-block-9afc103e wp-block-uagb-image--layout-default wp-block-uagb-image--effect-static wp-block-uagb-image--align-center\"><figure class=\"wp-block-uagb-image__figure\"><img decoding=\"async\" srcset=\"https:\/\/www.escolasiena.com.br\/wp-content\/uploads\/2024\/06\/1-1024x1024.jpg ,https:\/\/www.escolasiena.com.br\/wp-content\/uploads\/2024\/06\/1-scaled.jpg 780w, https:\/\/www.escolasiena.com.br\/wp-content\/uploads\/2024\/06\/1-scaled.jpg 360w\" sizes=\"auto, (max-width: 480px) 150px\" src=\"https:\/\/www.escolasiena.com.br\/wp-content\/uploads\/2024\/06\/1-1024x1024.jpg\" alt=\"\" class=\"uag-image-1610\" width=\"278\" height=\"278\" title=\"Grupo V\" loading=\"lazy\" role=\"img\"\/><\/figure><\/div>\n<\/div>\n\n\n\n<div class=\"wp-block-uagb-container uagb-block-345838db\">\n<div class=\"wp-block-uagb-advanced-heading uagb-block-47403729\"><h2 class=\"uagb-heading-text\">Grupo V<\/h2><\/div>\n\n\n\n<p>A turma do Grupo V o Eixo tem\u00e1tico \u00e9 Teatro ou cinema, e o Projeto de identidade \u00e9<strong>\u00a0\u201cPensamento e Imagina\u00e7\u00e3o\u201d<\/strong>. O estudo de campo ser\u00e1 no Teatro. Alcan\u00e7ar o desenvolvimento das crian\u00e7as e ampliar seu conhecimento de mundo por meio das linguagens art\u00edsticas Teatro \u2013 Dramatiza\u00e7\u00e3o e aprecia\u00e7\u00e3o de hist\u00f3rias, emo\u00e7\u00f5es e vivencias sociais. O trabalho \u00e9 voltado principalmente para in\u00edcio do processo de alfabetiza\u00e7\u00e3o e o estudo de campo interconectado com o empreendedorismo e o valores socioemocionais empatia e respeito.<\/p>\n<\/div>\n<\/div><\/div>\n","protected":false},"excerpt":{"rendered":"<p>Siena Kids Grupo IV Para o Grupo IV o Eixo tem\u00e1tico \u00e9 M\u00fasica e o Projeto de identidade \u00e9\u00a0\u201cSons e [&hellip;]<\/p>\n","protected":false},"author":2,"featured_media":0,"parent":0,"menu_order":0,"comment_status":"closed","ping_status":"closed","template":"","meta":{"_uag_custom_page_level_css":"","site-sidebar-layout":"default","site-content-layout":"","ast-site-content-layout":"default","site-content-style":"default","site-sidebar-style":"default","ast-global-header-display":"","ast-banner-title-visibility":"","ast-main-header-display":"","ast-hfb-above-header-display":"","ast-hfb-below-header-display":"","ast-hfb-mobile-header-display":"","site-post-title":"disabled","ast-breadcrumbs-content":"","ast-featured-img":"","footer-sml-layout":"","ast-disable-related-posts":"","theme-transparent-header-meta":"","adv-header-id-meta":"","stick-header-meta":"","header-above-stick-meta":"","header-main-stick-meta":"","header-below-stick-meta":"","astra-migrate-meta-layouts":"default","ast-page-background-enabled":"default","ast-page-background-meta":{"desktop":{"background-color":"var(--ast-global-color-4)","background-image":"","background-repeat":"repeat","background-position":"center center","background-size":"auto","background-attachment":"scroll","background-type":"","background-media":"","overlay-type":"","overlay-color":"","overlay-opacity":"","overlay-gradient":""},"tablet":{"background-color":"","background-image":"","background-repeat":"repeat","background-position":"center center","background-size":"auto","background-attachment":"scroll","background-type":"","background-media":"","overlay-type":"","overlay-color":"","overlay-opacity":"","overlay-gradient":""},"mobile":{"background-color":"","background-image":"","background-repeat":"repeat","background-position":"center center","background-size":"auto","background-attachment":"scroll","background-type":"","background-media":"","overlay-type":"","overlay-color":"","overlay-opacity":"","overlay-gradient":""}},"ast-content-background-meta":{"desktop":{"background-color":"var(--ast-global-color-5)","background-image":"","background-repeat":"repeat","background-position":"center center","background-size":"auto","background-attachment":"scroll","background-type":"","background-media":"","overlay-type":"","overlay-color":"","overlay-opacity":"","overlay-gradient":""},"tablet":{"background-color":"var(--ast-global-color-5)","background-image":"","background-repeat":"repeat","background-position":"center center","background-size":"auto","background-attachment":"scroll","background-type":"","background-media":"","overlay-type":"","overlay-color":"","overlay-opacity":"","overlay-gradient":""},"mobile":{"background-color":"var(--ast-global-color-5)","background-image":"","background-repeat":"repeat","background-position":"center center","background-size":"auto","background-attachment":"scroll","background-type":"","background-media":"","overlay-type":"","overlay-color":"","overlay-opacity":"","overlay-gradient":""}},"footnotes":""},"class_list":["post-332","page","type-page","status-publish","hentry"],"uagb_featured_image_src":{"full":false,"thumbnail":false,"medium":false,"medium_large":false,"large":false,"1536x1536":false,"2048x2048":false},"uagb_author_info":{"display_name":"estagiario","author_link":"https:\/\/www.escolasiena.com.br\/?author=2"},"uagb_comment_info":0,"uagb_excerpt":"Siena Kids Grupo IV Para o Grupo IV o Eixo tem\u00e1tico \u00e9 M\u00fasica e o Projeto de identidade \u00e9\u00a0\u201cSons e [&hellip;]","_links":{"self":[{"href":"https:\/\/www.escolasiena.com.br\/index.php?rest_route=\/wp\/v2\/pages\/332","targetHints":{"allow":["GET"]}}],"collection":[{"href":"https:\/\/www.escolasiena.com.br\/index.php?rest_route=\/wp\/v2\/pages"}],"about":[{"href":"https:\/\/www.escolasiena.com.br\/index.php?rest_route=\/wp\/v2\/types\/page"}],"author":[{"embeddable":true,"href":"https:\/\/www.escolasiena.com.br\/index.php?rest_route=\/wp\/v2\/users\/2"}],"replies":[{"embeddable":true,"href":"https:\/\/www.escolasiena.com.br\/index.php?rest_route=%2Fwp%2Fv2%2Fcomments&post=332"}],"version-history":[{"count":17,"href":"https:\/\/www.escolasiena.com.br\/index.php?rest_route=\/wp\/v2\/pages\/332\/revisions"}],"predecessor-version":[{"id":1613,"href":"https:\/\/www.escolasiena.com.br\/index.php?rest_route=\/wp\/v2\/pages\/332\/revisions\/1613"}],"wp:attachment":[{"href":"https:\/\/www.escolasiena.com.br\/index.php?rest_route=%2Fwp%2Fv2%2Fmedia&parent=332"}],"curies":[{"name":"wp","href":"https:\/\/api.w.org\/{rel}","templated":true}]}}