{"id":336,"date":"2024-04-01T13:06:57","date_gmt":"2024-04-01T16:06:57","guid":{"rendered":"https:\/\/escola-siena-v3.local\/?page_id=336"},"modified":"2025-11-05T10:12:50","modified_gmt":"2025-11-05T13:12:50","slug":"home-2","status":"publish","type":"page","link":"https:\/\/www.escolasiena.com.br\/","title":{"rendered":"In\u00edcio"},"content":{"rendered":"\n<div class=\"alignnormal\"><div id=\"metaslider-id-496\" style=\"width: 100%;\" class=\"ml-slider-3-104-0 metaslider metaslider-flex metaslider-496 ml-slider has-dots-nav ms-theme-default\" role=\"region\" aria-label=\"Apresenta\u00e7\u00e3o\" data-height=\"720\" data-width=\"1920\">\n    <div id=\"metaslider_container_496\">\n        <div id=\"metaslider_496\">\n            <ul class='slides'>\n                <li style=\"display: block; width: 100%;\" class=\"slide-1639 ms-image \" aria-roledescription=\"slide\" data-date=\"2025-11-04 11:10:36\" data-filename=\"banner-matriculas-1920x720.png\" data-slide-type=\"image\"><img loading=\"lazy\" decoding=\"async\" src=\"https:\/\/www.escolasiena.com.br\/wp-content\/uploads\/2025\/11\/banner-matriculas-1920x720.png\" height=\"720\" width=\"1920\" alt=\"\" class=\"slider-496 slide-1639 msDefaultImage\" title=\"banner-matriculas\" \/><\/li>\n            <\/ul>\n        <\/div>\n        \n    <\/div>\n<\/div><\/div>\n\n\n\n<div style=\"height:20px\" aria-hidden=\"true\" class=\"wp-block-spacer\"><\/div>\n\n\n\n<div class=\"wp-block-columns is-layout-flex wp-container-core-columns-is-layout-e0e4babd wp-block-columns-is-layout-flex\" style=\"padding-right:0;padding-left:0\">\n<div class=\"wp-block-column is-layout-flow wp-block-column-is-layout-flow\">\n<div class=\"wp-block-uagb-info-box uagb-block-05da3aa5 uagb-infobox__content-wrap  uagb-infobox_cta-type-all uagb-infobox-icon-above-title uagb-infobox-image-valign-top\"><a href=\"https:\/\/www.escolasiena.com.br\/?page_id=30\" class=\"uagb-infobox-link-wrap uagb-infbox__link-to-all\" target=\"_self\" aria-label=\"Infobox Link\" rel=\"noopener noreferrer\" onclick=\"return true;\"><\/a><div class=\"uagb-ifb-content\"><div class=\"uagb-ifb-image-content\"><img decoding=\"async\" src=\"https:\/\/www.escolasiena.com.br\/wp-content\/uploads\/2024\/05\/empreendedorismo-sem-cor-150x150.png\" alt=\"\" width=\"100\" height=\"100\" loading=\"lazy\"\/><\/div><div class=\"uagb-ifb-title-wrap\"><h4 class=\"uagb-ifb-title\">Empreendedorismo<\/h4><\/div><div class=\"uagb-ifb-button-wrapper wp-block-button\"><\/div><\/div><\/div>\n<\/div>\n\n\n\n<div class=\"wp-block-column is-layout-flow wp-block-column-is-layout-flow\">\n<div class=\"wp-block-uagb-info-box uagb-block-f3000d50 uagb-infobox__content-wrap  uagb-infobox_cta-type-all uagb-infobox-icon-above-title uagb-infobox-image-valign-top\"><a href=\"https:\/\/www.escolasiena.com.br\/?page_id=30#tecnologias\" class=\"uagb-infobox-link-wrap uagb-infbox__link-to-all\" target=\"_self\" aria-label=\"Infobox Link\" rel=\"noopener noreferrer\" onclick=\"return true;\"><\/a><div class=\"uagb-ifb-content\"><div class=\"uagb-ifb-image-content\"><img decoding=\"async\" src=\"https:\/\/www.escolasiena.com.br\/wp-content\/uploads\/2024\/05\/tecnologias-sem-cor-150x150.png\" alt=\"\" width=\"100\" height=\"100\" loading=\"lazy\"\/><\/div><div class=\"uagb-ifb-title-wrap\"><h4 class=\"uagb-ifb-title\">Tecnologia Educacional<\/h4><\/div><div class=\"uagb-ifb-button-wrapper wp-block-button\"><\/div><\/div><\/div>\n<\/div>\n\n\n\n<div class=\"wp-block-column is-layout-flow wp-block-column-is-layout-flow\">\n<div class=\"wp-block-uagb-info-box uagb-block-b24af7d6 uagb-infobox__content-wrap  uagb-infobox_cta-type-all uagb-infobox-icon-above-title uagb-infobox-image-valign-top\"><a href=\"https:\/\/www.escolasiena.com.br\/?page_id=30#esportes\" class=\"uagb-infobox-link-wrap uagb-infbox__link-to-all\" target=\"_self\" aria-label=\"Infobox Link\" rel=\"noopener noreferrer\" onclick=\"return true;\"><\/a><div class=\"uagb-ifb-content\"><div class=\"uagb-ifb-image-content\"><img decoding=\"async\" src=\"https:\/\/www.escolasiena.com.br\/wp-content\/uploads\/2024\/05\/esporte-150x150.png\" alt=\"\" width=\"100\" height=\"100\" loading=\"lazy\"\/><\/div><div class=\"uagb-ifb-title-wrap\"><h4 class=\"uagb-ifb-title\">Esportes<\/h4><\/div><div class=\"uagb-ifb-button-wrapper wp-block-button\"><\/div><\/div><\/div>\n<\/div>\n\n\n\n<div class=\"wp-block-column is-layout-flow wp-block-column-is-layout-flow\">\n<div class=\"wp-block-uagb-info-box uagb-block-22159d66 uagb-infobox__content-wrap  uagb-infobox_cta-type-all uagb-infobox-icon-above-title uagb-infobox-image-valign-top\"><a href=\"https:\/\/www.escolasiena.com.br\/?page_id=30#sistemas\" class=\"uagb-infobox-link-wrap uagb-infbox__link-to-all\" target=\"_self\" aria-label=\"Infobox Link\" rel=\"noopener noreferrer\" onclick=\"return true;\"><\/a><div class=\"uagb-ifb-content\"><div class=\"uagb-ifb-image-content\"><img decoding=\"async\" src=\"https:\/\/www.escolasiena.com.br\/wp-content\/uploads\/2024\/05\/simulados-sem-cor-150x150.png\" alt=\"\" width=\"100\" height=\"100\" loading=\"lazy\"\/><\/div><div class=\"uagb-ifb-title-wrap\"><h4 class=\"uagb-ifb-title\">Simulados<\/h4><\/div><div class=\"uagb-ifb-button-wrapper wp-block-button\"><\/div><\/div><\/div>\n<\/div>\n<\/div>\n\n\n\n<div style=\"height:20px\" aria-hidden=\"true\" class=\"wp-block-spacer\"><\/div>\n\n\n\n<div class=\"wp-block-uagb-container uagb-layout-flex uagb-block-09d579ee default uagb-is-root-container\">\n<div class=\"wp-block-uagb-container uagb-block-256b0088\">\n<div class=\"wp-block-uagb-advanced-heading uagb-block-acfe12fa\"><h3 class=\"uagb-heading-text\"><strong>A Escola Siena<\/strong><\/h3><div class=\"uagb-separator\"><\/div><\/div>\n\n\n\n<p class=\"has-text-align-left has-ast-global-color-8-color has-text-color has-link-color wp-elements-1f461ca412f5df0e82763d8176fc64eb\" style=\"font-size:18px\">A Escola Siena oferece ambientes de apoio e inspira\u00e7\u00e3o para que jovens mentes inquiridoras aprendam e cres\u00e7am conosco. Nossa paix\u00e3o por aprender significa que alcan\u00e7amos mais do que resultados excepcionais. Nos esfor\u00e7amos para construir pensadores confiantes e criativos, ensinando valores para o desenvolvimento pessoal e profissional.<\/p>\n<\/div>\n\n\n\n<div class=\"wp-block-uagb-image aligncenter uagb-block-b9bdc58b wp-block-uagb-image--layout-overlay wp-block-uagb-image--effect-static wp-block-uagb-image--align-center\"><figure class=\"wp-block-uagb-image__figure\"><img decoding=\"async\" srcset=\"https:\/\/www.escolasiena.com.br\/wp-content\/uploads\/2024\/04\/Escola-Siena-Frente.webp ,https:\/\/www.escolasiena.com.br\/wp-content\/uploads\/2024\/04\/Escola-Siena-Frente.webp 780w, https:\/\/www.escolasiena.com.br\/wp-content\/uploads\/2024\/04\/Escola-Siena-Frente.webp 360w\" sizes=\"auto, (max-width: 480px) 150px\" src=\"https:\/\/www.escolasiena.com.br\/wp-content\/uploads\/2024\/04\/Escola-Siena-Frente.webp\" alt=\"\" class=\"uag-image-541\" width=\"600\" height=\"400\" title=\"\" loading=\"lazy\" role=\"presentation\"\/><div class=\"wp-block-uagb-image--layout-overlay__color-wrapper\"><\/div><div class=\"wp-block-uagb-image--layout-overlay__inner bottom-left\"><figcaption class=\"uagb-image-caption\">Bairro de F\u00e1tima<\/figcaption><\/div><\/figure><\/div>\n<\/div>\n\n\n\n<div style=\"height:70px\" aria-hidden=\"true\" class=\"wp-block-spacer\"><\/div>\n\n\n\n<div class=\"wp-block-uagb-container uagb-block-7a527459 alignfull uagb-is-root-container\"><div class=\"uagb-container-inner-blocks-wrap\">\n<div class=\"wp-block-uagb-container uagb-block-97b179fc\">\n<div class=\"wp-block-uagb-image uagb-block-6f9b3776 wp-block-uagb-image--layout-default wp-block-uagb-image--effect-static wp-block-uagb-image--align-none\"><figure class=\"wp-block-uagb-image__figure\"><img decoding=\"async\" srcset=\"https:\/\/www.escolasiena.com.br\/wp-content\/uploads\/2024\/05\/Microsoft2.png ,https:\/\/www.escolasiena.com.br\/wp-content\/uploads\/2024\/05\/Microsoft2.png 780w, https:\/\/www.escolasiena.com.br\/wp-content\/uploads\/2024\/05\/Microsoft2.png 360w\" sizes=\"auto, (max-width: 480px) 150px\" src=\"https:\/\/www.escolasiena.com.br\/wp-content\/uploads\/2024\/05\/Microsoft2.png\" alt=\"\" class=\"uag-image-848\" width=\"127\" height=\"85\" title=\"Aplicativos Microsoft\" loading=\"lazy\" role=\"img\"\/><\/figure><\/div>\n<\/div>\n\n\n\n<div class=\"wp-block-uagb-container uagb-block-82c8649c\">\n<div class=\"wp-block-uagb-container uagb-block-9699df41\">\n<div class=\"wp-block-uagb-image uagb-block-8d5a092d wp-block-uagb-image--layout-default wp-block-uagb-image--effect-static wp-block-uagb-image--align-none\"><figure class=\"wp-block-uagb-image__figure\"><img decoding=\"async\" srcset=\"https:\/\/www.escolasiena.com.br\/wp-content\/uploads\/2024\/05\/imgLogoSponte-sem-letras.png ,https:\/\/www.escolasiena.com.br\/wp-content\/uploads\/2024\/05\/imgLogoSponte-sem-letras.png 780w, https:\/\/www.escolasiena.com.br\/wp-content\/uploads\/2024\/05\/imgLogoSponte-sem-letras.png 360w\" sizes=\"auto, (max-width: 480px) 150px\" src=\"https:\/\/www.escolasiena.com.br\/wp-content\/uploads\/2024\/05\/imgLogoSponte-sem-letras.png\" alt=\"\" class=\"uag-image-1186\" width=\"116\" height=\"39\" title=\"Logo Azul do Sponte\" loading=\"lazy\" role=\"img\"\/><\/figure><\/div>\n<\/div>\n\n\n\n<div class=\"wp-block-uagb-container uagb-block-fdedc87c\">\n<div class=\"wp-block-uagb-image uagb-block-92143496 wp-block-uagb-image--layout-default wp-block-uagb-image--effect-zoomin wp-block-uagb-image--align-none\"><figure class=\"wp-block-uagb-image__figure\"><a class=\"\" href=\"https:\/\/apps.apple.com\/br\/app\/sponte-agenda-plus\/id1636538135\" target=\"\" rel=\"noopener\"><img decoding=\"async\" srcset=\"https:\/\/www.escolasiena.com.br\/wp-content\/uploads\/2024\/04\/disponivel-na-appstore-e1712756249468-1024x297.png ,https:\/\/www.escolasiena.com.br\/wp-content\/uploads\/2024\/04\/disponivel-na-appstore-e1712756249468.png 780w, https:\/\/www.escolasiena.com.br\/wp-content\/uploads\/2024\/04\/disponivel-na-appstore-e1712756249468.png 360w\" sizes=\"auto, (max-width: 480px) 150px\" src=\"https:\/\/www.escolasiena.com.br\/wp-content\/uploads\/2024\/04\/disponivel-na-appstore-e1712756249468-1024x297.png\" alt=\"\" class=\"uag-image-457\" width=\"89\" height=\"15\" title=\"Baixar na App Store\" loading=\"lazy\" role=\"img\"\/><\/a><\/figure><\/div>\n\n\n\n<div class=\"wp-block-uagb-image uagb-block-a0afedbb wp-block-uagb-image--layout-default wp-block-uagb-image--effect-zoomin wp-block-uagb-image--align-none\"><figure class=\"wp-block-uagb-image__figure\"><a class=\"\" href=\"https:\/\/play.google.com\/store\/apps\/details?id=br.com.sponte.sponteapp&amp;pcampaignid=web_share\" target=\"\" rel=\"noopener\"><img decoding=\"async\" srcset=\"https:\/\/www.escolasiena.com.br\/wp-content\/uploads\/2024\/04\/disponivel-na-googleplay-e1712756198786.png ,https:\/\/www.escolasiena.com.br\/wp-content\/uploads\/2024\/04\/disponivel-na-googleplay-e1712756198786.png 780w, https:\/\/www.escolasiena.com.br\/wp-content\/uploads\/2024\/04\/disponivel-na-googleplay-e1712756198786.png 360w\" sizes=\"auto, (max-width: 480px) 150px\" src=\"https:\/\/www.escolasiena.com.br\/wp-content\/uploads\/2024\/04\/disponivel-na-googleplay-e1712756198786.png\" alt=\"\" class=\"uag-image-458\" width=\"89\" height=\"15\" title=\"Baixar no Google Play\" loading=\"lazy\" role=\"img\"\/><\/a><\/figure><\/div>\n<\/div>\n<\/div>\n\n\n\n<div class=\"wp-block-uagb-container uagb-block-3e80e59c\">\n<div class=\"wp-block-uagb-image uagb-block-457b5806 wp-block-uagb-image--layout-default wp-block-uagb-image--effect-static wp-block-uagb-image--align-none\"><figure class=\"wp-block-uagb-image__figure\"><img decoding=\"async\" srcset=\"https:\/\/www.escolasiena.com.br\/wp-content\/uploads\/2024\/05\/logo-somos-educacao-somos-reduzido.png ,https:\/\/www.escolasiena.com.br\/wp-content\/uploads\/2024\/05\/logo-somos-educacao-somos-reduzido.png 780w, https:\/\/www.escolasiena.com.br\/wp-content\/uploads\/2024\/05\/logo-somos-educacao-somos-reduzido.png 360w\" sizes=\"auto, (max-width: 480px) 150px\" src=\"https:\/\/www.escolasiena.com.br\/wp-content\/uploads\/2024\/05\/logo-somos-educacao-somos-reduzido.png\" alt=\"\" class=\"uag-image-1187\" width=\"168\" height=\"96\" title=\"Logo do Somos Educa\u00e7\u00e3o\" loading=\"lazy\" role=\"img\"\/><\/figure><\/div>\n<\/div>\n<\/div><\/div>\n\n\n\n<div style=\"height:73px\" aria-hidden=\"true\" class=\"wp-block-spacer\"><\/div>\n\n\n\n<div class=\"wp-block-uagb-container uagb-block-02b2d3c4 default uagb-is-root-container\">\n<div class=\"wp-block-uagb-container uagb-block-b0b60977\">\n<div class=\"wp-block-uagb-image aligncenter uagb-block-dd03b028 wp-block-uagb-image--layout-overlay wp-block-uagb-image--effect-static wp-block-uagb-image--align-center\"><figure class=\"wp-block-uagb-image__figure\"><img decoding=\"async\" srcset=\"https:\/\/www.escolasiena.com.br\/wp-content\/uploads\/2024\/04\/1000004382-e1713191423543.jpg ,https:\/\/www.escolasiena.com.br\/wp-content\/uploads\/2024\/04\/1000004382-e1713191423543.jpg 780w, https:\/\/www.escolasiena.com.br\/wp-content\/uploads\/2024\/04\/1000004382-e1713191423543.jpg 360w\" sizes=\"auto, (max-width: 480px) 150px\" src=\"https:\/\/www.escolasiena.com.br\/wp-content\/uploads\/2024\/04\/1000004382-e1713191423543.jpg\" alt=\"\" class=\"uag-image-594\" width=\"600\" height=\"400\" title=\"Siena Unidade Laranjeiras\" loading=\"lazy\" role=\"img\"\/><div class=\"wp-block-uagb-image--layout-overlay__color-wrapper\"><\/div><div class=\"wp-block-uagb-image--layout-overlay__inner bottom-left\"><figcaption class=\"uagb-image-caption\">Laranjeiras<\/figcaption><\/div><\/figure><\/div>\n<\/div>\n\n\n\n<div class=\"wp-block-uagb-container uagb-block-b8acc9a7\">\n<div class=\"wp-block-uagb-advanced-heading uagb-block-e02d8ad6\"><h3 class=\"uagb-heading-text\">Nossos valores<\/h3><div class=\"uagb-separator\"><\/div><\/div>\n\n\n\n<p class=\"has-ast-global-color-7-color has-text-color has-link-color wp-elements-3dac1831b89e9978cc042cf46e418ebf\" style=\"font-size:18px\">Nossos valores envolvem a forma\u00e7\u00e3o do cidad\u00e3o competente, atuante, cr\u00edtico, reflexivo e produtivo. Vincula\u00e7\u00e3o da teoria \u00e0 pratica e inter-rela\u00e7\u00e3o entre realidade social e cultura escolar. O aluno como sujeito de sua pr\u00f3pria aprendizagem. Viv\u00eancia de pr\u00e1ticas democr\u00e1ticas. Rela\u00e7\u00e3o din\u00e2mica e efetiva com a diversidade pessoal, cultural e respeito m\u00fatuo.<\/p>\n<\/div>\n<\/div>\n\n\n\n<div style=\"height:18px\" aria-hidden=\"true\" class=\"wp-block-spacer\"><\/div>\n\n\n\n<div style=\"height:67px\" aria-hidden=\"true\" class=\"wp-block-spacer\"><\/div>\n\n\n\n<div class=\"wp-block-uagb-container uagb-block-45a7f1ce alignfull uagb-is-root-container\"><div class=\"uagb-container-inner-blocks-wrap\">\n<div class=\"wp-block-uagb-container uagb-block-fe4e2d6a\">\n<div class=\"wp-block-uagb-image alignleft uagb-block-afc439ad wp-block-uagb-image--layout-default wp-block-uagb-image--effect-static wp-block-uagb-image--align-left\"><figure class=\"wp-block-uagb-image__figure\"><img decoding=\"async\" srcset=\"https:\/\/www.escolasiena.com.br\/wp-content\/uploads\/2024\/04\/logo-education2.png ,https:\/\/www.escolasiena.com.br\/wp-content\/uploads\/2024\/04\/logo-education2.png 780w, https:\/\/www.escolasiena.com.br\/wp-content\/uploads\/2024\/04\/logo-education2.png 360w\" sizes=\"auto, (max-width: 480px) 150px\" src=\"https:\/\/www.escolasiena.com.br\/wp-content\/uploads\/2024\/04\/logo-education2.png\" alt=\"\" class=\"uag-image-562\" width=\"210\" height=\"35\" title=\"Logo Education\" loading=\"lazy\" role=\"img\"\/><\/figure><\/div>\n\n\n\n<p style=\"font-size:18px\">O programa Education+ da Escola Siena prov\u00ea todo o material did\u00e1tico que une o empreendedorismo ao ensino fundamental, possibilitando uma educa\u00e7\u00e3o mais flex\u00edvel, inclusiva e divertida.<\/p>\n\n\n\n<div class=\"wp-block-uagb-buttons uagb-buttons__outer-wrap uagb-btn__default-btn uagb-btn-tablet__default-btn uagb-btn-mobile__default-btn uagb-block-c065546b\"><div class=\"uagb-buttons__wrap uagb-buttons-layout-wrap \">\n<div class=\"wp-block-uagb-buttons-child uagb-buttons__outer-wrap uagb-block-fbf89862 wp-block-button\"><div class=\"uagb-button__wrapper\"><a class=\"uagb-buttons-repeater wp-block-button__link\" aria-label=\"\" href=\"https:\/\/educationmais.com.br\/\" rel=\"follow noopener\" target=\"_blank\" role=\"button\"><div class=\"uagb-button__link\">Saiba mais<\/div><\/a><\/div><\/div>\n<\/div><\/div>\n<\/div>\n\n\n\n<div class=\"wp-block-uagb-container uagb-block-fc83bc88\">\n<div class=\"wp-block-uagb-image uagb-block-91e180c7 wp-block-uagb-image--layout-default wp-block-uagb-image--effect-static wp-block-uagb-image--align-none\"><figure class=\"wp-block-uagb-image__figure\"><img decoding=\"async\" srcset=\"https:\/\/www.escolasiena.com.br\/wp-content\/uploads\/2024\/05\/Stand-Education2-2.jpg ,https:\/\/www.escolasiena.com.br\/wp-content\/uploads\/2024\/05\/Stand-Education2-2.jpg 780w, https:\/\/www.escolasiena.com.br\/wp-content\/uploads\/2024\/05\/Stand-Education2-2.jpg 360w\" sizes=\"auto, (max-width: 480px) 150px\" src=\"https:\/\/www.escolasiena.com.br\/wp-content\/uploads\/2024\/05\/Stand-Education2-2.jpg\" alt=\"\" class=\"uag-image-1304\" width=\"600\" height=\"400\" title=\"Stand Education\" loading=\"lazy\" role=\"img\"\/><\/figure><\/div>\n<\/div>\n<\/div><\/div>\n\n\n\n<div style=\"height:70px\" aria-hidden=\"true\" class=\"wp-block-spacer\"><\/div>\n\n\n\n<div class=\"wp-block-uagb-container uagb-block-46377848 alignfull uagb-is-root-container\"><div class=\"uagb-container-inner-blocks-wrap\">\n<div class=\"wp-block-uagb-container uagb-block-860faf2b\">\n<div class=\"wp-block-uagb-image uagb-block-3734801c wp-block-uagb-image--layout-default wp-block-uagb-image--effect-static wp-block-uagb-image--align-none\"><figure class=\"wp-block-uagb-image__figure\"><img decoding=\"async\" srcset=\"https:\/\/www.escolasiena.com.br\/wp-content\/uploads\/2024\/04\/kidsinicio.png ,https:\/\/www.escolasiena.com.br\/wp-content\/uploads\/2024\/04\/kidsinicio.png 780w, https:\/\/www.escolasiena.com.br\/wp-content\/uploads\/2024\/04\/kidsinicio.png 360w\" sizes=\"auto, (max-width: 480px) 150px\" src=\"https:\/\/www.escolasiena.com.br\/wp-content\/uploads\/2024\/04\/kidsinicio.png\" alt=\"\" class=\"uag-image-340\" width=\"750\" height=\"600\" title=\"Siena Kids\" loading=\"lazy\" role=\"img\"\/><\/figure><\/div>\n\n\n\n<div class=\"wp-block-uagb-advanced-heading uagb-block-5413dc1b\"><h2 class=\"uagb-heading-text\">Siena Kids<\/h2><\/div>\n\n\n\n<div class=\"wp-block-columns is-layout-flex wp-container-core-columns-is-layout-28f84493 wp-block-columns-is-layout-flex\">\n<div class=\"wp-block-column is-layout-flow wp-block-column-is-layout-flow\" style=\"flex-basis:100%\">\n<div class=\"wp-block-columns is-layout-flex wp-container-core-columns-is-layout-28f84493 wp-block-columns-is-layout-flex\">\n<div class=\"wp-block-column is-vertically-aligned-center is-layout-constrained wp-block-column-is-layout-constrained\" style=\"flex-basis:100%\">\n<div class=\"wp-block-columns is-layout-flex wp-container-core-columns-is-layout-28f84493 wp-block-columns-is-layout-flex\">\n<div class=\"wp-block-column is-layout-flow wp-block-column-is-layout-flow\" style=\"flex-basis:100%\">\n<div class=\"wp-block-buttons is-content-justification-center is-layout-flex wp-container-core-buttons-is-layout-a89b3969 wp-block-buttons-is-layout-flex\">\n<div class=\"wp-block-button\"><a class=\"wp-block-button__link wp-element-button\" href=\"https:\/\/www.escolasiena.com.br\/?page_id=332\" target=\"_blank\" rel=\"noreferrer noopener\">Leia mais<\/a><\/div>\n<\/div>\n<\/div>\n<\/div>\n<\/div>\n<\/div>\n<\/div>\n<\/div>\n<\/div>\n\n\n\n<div class=\"wp-block-uagb-container uagb-block-6f3b2ccd\">\n<div class=\"wp-block-uagb-image uagb-block-a4b2222b wp-block-uagb-image--layout-default wp-block-uagb-image--effect-static wp-block-uagb-image--align-none\"><figure class=\"wp-block-uagb-image__figure\"><img decoding=\"async\" srcset=\"https:\/\/www.escolasiena.com.br\/wp-content\/uploads\/2024\/03\/F1-1.png ,https:\/\/www.escolasiena.com.br\/wp-content\/uploads\/2024\/03\/F1-1.png 780w, https:\/\/www.escolasiena.com.br\/wp-content\/uploads\/2024\/03\/F1-1.png 360w\" sizes=\"auto, (max-width: 480px) 150px\" src=\"https:\/\/www.escolasiena.com.br\/wp-content\/uploads\/2024\/03\/F1-1.png\" alt=\"\" class=\"uag-image-312\" width=\"750\" height=\"600\" title=\"Fundamental 01\" loading=\"lazy\" role=\"img\"\/><\/figure><\/div>\n\n\n\n<div class=\"wp-block-uagb-advanced-heading uagb-block-af56ed3c\"><h2 class=\"uagb-heading-text\">Fundamental Anos Iniciais<\/h2><\/div>\n\n\n\n<div class=\"wp-block-columns alignwide is-layout-flex wp-container-core-columns-is-layout-28f84493 wp-block-columns-is-layout-flex\">\n<div class=\"wp-block-column is-layout-flow wp-block-column-is-layout-flow\" style=\"flex-basis:100%\">\n<div class=\"wp-block-buttons is-horizontal is-content-justification-center is-layout-flex wp-container-core-buttons-is-layout-6bd4d9d1 wp-block-buttons-is-layout-flex\">\n<div class=\"wp-block-button\"><a class=\"wp-block-button__link wp-element-button\" href=\"https:\/\/www.escolasiena.com.br\/?page_id=203\" target=\"_blank\" rel=\"noreferrer noopener\">Leia mais<\/a><\/div>\n<\/div>\n<\/div>\n<\/div>\n<\/div>\n\n\n\n<div class=\"wp-block-uagb-container uagb-block-d10cd27e\">\n<div class=\"wp-block-uagb-image uagb-block-d3a7bcfe wp-block-uagb-image--layout-default wp-block-uagb-image--effect-static wp-block-uagb-image--align-none\"><figure class=\"wp-block-uagb-image__figure\"><img decoding=\"async\" srcset=\"https:\/\/www.escolasiena.com.br\/wp-content\/uploads\/2024\/04\/fund2inicio.png ,https:\/\/www.escolasiena.com.br\/wp-content\/uploads\/2024\/04\/fund2inicio.png 780w, https:\/\/www.escolasiena.com.br\/wp-content\/uploads\/2024\/04\/fund2inicio.png 360w\" sizes=\"auto, (max-width: 480px) 150px\" src=\"https:\/\/www.escolasiena.com.br\/wp-content\/uploads\/2024\/04\/fund2inicio.png\" alt=\"\" class=\"uag-image-341\" width=\"750\" height=\"600\" title=\"Fundamental 2\" loading=\"lazy\" role=\"img\"\/><\/figure><\/div>\n\n\n\n<div class=\"wp-block-uagb-advanced-heading uagb-block-d6a9b892\"><h2 class=\"uagb-heading-text\">Fundamental Anos Finais<\/h2><\/div>\n\n\n\n<div class=\"wp-block-buttons is-content-justification-center is-layout-flex wp-container-core-buttons-is-layout-a89b3969 wp-block-buttons-is-layout-flex\">\n<div class=\"wp-block-button\"><a class=\"wp-block-button__link wp-element-button\" href=\"https:\/\/www.escolasiena.com.br\/?page_id=204\" target=\"_blank\" rel=\"noreferrer noopener\">Leia mais<\/a><\/div>\n<\/div>\n<\/div>\n<\/div><\/div>\n\n\n\n<p><\/p>\n","protected":false},"excerpt":{"rendered":"<p>A Escola Siena A Escola Siena oferece ambientes de apoio e inspira\u00e7\u00e3o para que jovens mentes inquiridoras aprendam e cres\u00e7am [&hellip;]<\/p>\n","protected":false},"author":2,"featured_media":0,"parent":0,"menu_order":0,"comment_status":"closed","ping_status":"closed","template":"","meta":{"_uag_custom_page_level_css":"","site-sidebar-layout":"default","site-content-layout":"","ast-site-content-layout":"default","site-content-style":"default","site-sidebar-style":"default","ast-global-header-display":"","ast-banner-title-visibility":"","ast-main-header-display":"","ast-hfb-above-header-display":"","ast-hfb-below-header-display":"","ast-hfb-mobile-header-display":"","site-post-title":"disabled","ast-breadcrumbs-content":"","ast-featured-img":"","footer-sml-layout":"","ast-disable-related-posts":"","theme-transparent-header-meta":"","adv-header-id-meta":"","stick-header-meta":"","header-above-stick-meta":"","header-main-stick-meta":"","header-below-stick-meta":"","astra-migrate-meta-layouts":"default","ast-page-background-enabled":"default","ast-page-background-meta":{"desktop":{"background-color":"var(--ast-global-color-4)","background-image":"","background-repeat":"repeat","background-position":"center center","background-size":"auto","background-attachment":"scroll","background-type":"","background-media":"","overlay-type":"","overlay-color":"","overlay-opacity":"","overlay-gradient":""},"tablet":{"background-color":"","background-image":"","background-repeat":"repeat","background-position":"center center","background-size":"auto","background-attachment":"scroll","background-type":"","background-media":"","overlay-type":"","overlay-color":"","overlay-opacity":"","overlay-gradient":""},"mobile":{"background-color":"","background-image":"","background-repeat":"repeat","background-position":"center center","background-size":"auto","background-attachment":"scroll","background-type":"","background-media":"","overlay-type":"","overlay-color":"","overlay-opacity":"","overlay-gradient":""}},"ast-content-background-meta":{"desktop":{"background-color":"var(--ast-global-color-5)","background-image":"","background-repeat":"repeat","background-position":"center center","background-size":"auto","background-attachment":"scroll","background-type":"","background-media":"","overlay-type":"","overlay-color":"","overlay-opacity":"","overlay-gradient":""},"tablet":{"background-color":"var(--ast-global-color-5)","background-image":"","background-repeat":"repeat","background-position":"center center","background-size":"auto","background-attachment":"scroll","background-type":"","background-media":"","overlay-type":"","overlay-color":"","overlay-opacity":"","overlay-gradient":""},"mobile":{"background-color":"var(--ast-global-color-5)","background-image":"","background-repeat":"repeat","background-position":"center center","background-size":"auto","background-attachment":"scroll","background-type":"","background-media":"","overlay-type":"","overlay-color":"","overlay-opacity":"","overlay-gradient":""}},"footnotes":""},"class_list":["post-336","page","type-page","status-publish","hentry"],"uagb_featured_image_src":{"full":false,"thumbnail":false,"medium":false,"medium_large":false,"large":false,"1536x1536":false,"2048x2048":false},"uagb_author_info":{"display_name":"estagiario","author_link":"https:\/\/www.escolasiena.com.br\/?author=2"},"uagb_comment_info":0,"uagb_excerpt":"A Escola Siena A Escola Siena oferece ambientes de apoio e inspira\u00e7\u00e3o para que jovens mentes inquiridoras aprendam e cres\u00e7am [&hellip;]","_links":{"self":[{"href":"https:\/\/www.escolasiena.com.br\/index.php?rest_route=\/wp\/v2\/pages\/336","targetHints":{"allow":["GET"]}}],"collection":[{"href":"https:\/\/www.escolasiena.com.br\/index.php?rest_route=\/wp\/v2\/pages"}],"about":[{"href":"https:\/\/www.escolasiena.com.br\/index.php?rest_route=\/wp\/v2\/types\/page"}],"author":[{"embeddable":true,"href":"https:\/\/www.escolasiena.com.br\/index.php?rest_route=\/wp\/v2\/users\/2"}],"replies":[{"embeddable":true,"href":"https:\/\/www.escolasiena.com.br\/index.php?rest_route=%2Fwp%2Fv2%2Fcomments&post=336"}],"version-history":[{"count":428,"href":"https:\/\/www.escolasiena.com.br\/index.php?rest_route=\/wp\/v2\/pages\/336\/revisions"}],"predecessor-version":[{"id":1660,"href":"https:\/\/www.escolasiena.com.br\/index.php?rest_route=\/wp\/v2\/pages\/336\/revisions\/1660"}],"wp:attachment":[{"href":"https:\/\/www.escolasiena.com.br\/index.php?rest_route=%2Fwp%2Fv2%2Fmedia&parent=336"}],"curies":[{"name":"wp","href":"https:\/\/api.w.org\/{rel}","templated":true}]}}