{"id":45,"date":"2024-03-14T18:27:25","date_gmt":"2024-03-14T21:27:25","guid":{"rendered":"https:\/\/escola-siena-v3.local\/?page_id=45"},"modified":"2024-06-21T09:31:09","modified_gmt":"2024-06-21T12:31:09","slug":"academico","status":"publish","type":"page","link":"https:\/\/www.escolasiena.com.br\/?page_id=45","title":{"rendered":"Projetos Escolares"},"content":{"rendered":"\n<div class=\"wp-block-uagb-container uagb-block-8788176a alignfull uagb-is-root-container\">\n<div class=\"wp-block-uagb-advanced-heading uagb-block-ec392a7d\"><h2 class=\"uagb-heading-text\">Projetos Escolares<\/h2><\/div>\n<\/div>\n\n\n\n<div class=\"wp-block-uagb-container uagb-block-ffb30f95 alignfull uagb-is-root-container\"><div class=\"uagb-container-inner-blocks-wrap\">\n<div class=\"wp-block-uagb-container uagb-block-1af833ec\">\n<div class=\"wp-block-uagb-container uagb-block-52078f50\">\n<div class=\"wp-block-uagb-advanced-heading uagb-block-66f2973e\"><h2 class=\"uagb-heading-text\">Dia da Fam\u00edlia<\/h2><\/div>\n\n\n\n<p>Dia de integra\u00e7\u00e3o escola-fam\u00edlia, onde ocorrem apresenta\u00e7\u00e3o das propostas do ano, eventos culturais e oficinas. Tem como principal objetivo reunir o grupo Siena, os alunos e pais em uma confraterniza\u00e7\u00e3o divertida e enriquecedora.<\/p>\n<\/div>\n\n\n\n<div class=\"wp-block-uagb-image aligncenter uagb-block-db1d02c2 wp-block-uagb-image--layout-default wp-block-uagb-image--effect-static wp-block-uagb-image--align-center\"><figure class=\"wp-block-uagb-image__figure\"><img decoding=\"async\" srcset=\"https:\/\/www.escolasiena.com.br\/wp-content\/uploads\/2024\/05\/Dia-da-Familia-1024x682.png ,https:\/\/www.escolasiena.com.br\/wp-content\/uploads\/2024\/05\/Dia-da-Familia.png 780w, https:\/\/www.escolasiena.com.br\/wp-content\/uploads\/2024\/05\/Dia-da-Familia.png 360w\" sizes=\"auto, (max-width: 480px) 150px\" src=\"https:\/\/www.escolasiena.com.br\/wp-content\/uploads\/2024\/05\/Dia-da-Familia-1024x682.png\" alt=\"\" class=\"uag-image-1225\" width=\"1024\" height=\"682\" title=\"Dia da Familia\" loading=\"lazy\" role=\"img\"\/><\/figure><\/div>\n<\/div>\n\n\n\n<div class=\"wp-block-uagb-container uagb-block-0818b9cf\">\n<div class=\"wp-block-uagb-image aligncenter uagb-block-fc2987be wp-block-uagb-image--layout-default wp-block-uagb-image--effect-static wp-block-uagb-image--align-center\"><figure class=\"wp-block-uagb-image__figure\"><img decoding=\"async\" srcset=\"https:\/\/www.escolasiena.com.br\/wp-content\/uploads\/2024\/05\/Dia-dos-Avos-edited-1024x768.jpg ,https:\/\/www.escolasiena.com.br\/wp-content\/uploads\/2024\/05\/Dia-dos-Avos-edited.jpg 780w, https:\/\/www.escolasiena.com.br\/wp-content\/uploads\/2024\/05\/Dia-dos-Avos-edited.jpg 360w\" sizes=\"auto, (max-width: 480px) 150px\" src=\"https:\/\/www.escolasiena.com.br\/wp-content\/uploads\/2024\/05\/Dia-dos-Avos-edited-1024x768.jpg\" alt=\"\" class=\"uag-image-1237\" width=\"1024\" height=\"768\" title=\"Dia dos Av\u00f3s\" loading=\"lazy\" role=\"img\"\/><\/figure><\/div>\n\n\n\n<div class=\"wp-block-uagb-container uagb-block-a4bd27dc\">\n<div class=\"wp-block-uagb-advanced-heading uagb-block-512a8b91\"><h2 class=\"uagb-heading-text\">Dia dos Av\u00f3s<\/h2><\/div>\n\n\n\n<p>Evento aberto a fam\u00edlia priorizando a participa\u00e7\u00e3o dos av\u00f3s. Ocorrem apresenta\u00e7\u00e3o e atividades criadas com base na Hist\u00f3ria\/livro escolhido no ano.<\/p>\n<\/div>\n<\/div>\n\n\n\n<div class=\"wp-block-uagb-container uagb-block-e17249e6\">\n<div class=\"wp-block-uagb-container uagb-block-b3cd7666\">\n<div class=\"wp-block-uagb-advanced-heading uagb-block-aa263993\"><h2 class=\"uagb-heading-text\">Exponecs<\/h2><\/div>\n\n\n\n<p>Feira realizada entre todas as turmas e em conjunto com as disciplinas ministradas. Momento onde apresentamos a comunidade os projetos de empreendedorismo realizado pelos alunos ao longo do ano. Cada turma coloca em pr\u00e1tica por meio de suas empresas, todo o planejamento e organiza\u00e7\u00e3o empreendedora aprendida ao longo do ano. Realizado no m\u00eas de setembro.<\/p>\n<\/div>\n\n\n\n<div class=\"wp-block-uagb-image aligncenter uagb-block-e44f7bda wp-block-uagb-image--layout-default wp-block-uagb-image--effect-static wp-block-uagb-image--align-center\"><figure class=\"wp-block-uagb-image__figure\"><img decoding=\"async\" srcset=\"https:\/\/www.escolasiena.com.br\/wp-content\/uploads\/2024\/05\/Stands-1024x683.jpg ,https:\/\/www.escolasiena.com.br\/wp-content\/uploads\/2024\/05\/Stands.jpg 780w, https:\/\/www.escolasiena.com.br\/wp-content\/uploads\/2024\/05\/Stands.jpg 360w\" sizes=\"auto, (max-width: 480px) 150px\" src=\"https:\/\/www.escolasiena.com.br\/wp-content\/uploads\/2024\/05\/Stands-1024x683.jpg\" alt=\"\" class=\"uag-image-1004\" width=\"1024\" height=\"682\" title=\"Stands\" loading=\"lazy\" role=\"img\"\/><\/figure><\/div>\n<\/div>\n\n\n\n<div class=\"wp-block-uagb-container uagb-block-32ef2c3e\">\n<div class=\"wp-block-uagb-image aligncenter uagb-block-4a38bfe1 wp-block-uagb-image--layout-default wp-block-uagb-image--effect-static wp-block-uagb-image--align-center\"><figure class=\"wp-block-uagb-image__figure\"><img decoding=\"async\" srcset=\"https:\/\/www.escolasiena.com.br\/wp-content\/uploads\/2024\/06\/Feira-de-Ciencias-melhorada-edited-1024x683.jpg ,https:\/\/www.escolasiena.com.br\/wp-content\/uploads\/2024\/05\/Feira-de-Ciencias-melhorada.jpg 780w, https:\/\/www.escolasiena.com.br\/wp-content\/uploads\/2024\/06\/Feira-de-Ciencias-melhorada-edited-1024x683.jpg 360w\" sizes=\"auto, (max-width: 480px) 150px\" src=\"https:\/\/www.escolasiena.com.br\/wp-content\/uploads\/2024\/06\/Feira-de-Ciencias-melhorada-edited-1024x683.jpg\" alt=\"\" class=\"uag-image-1576\" width=\"1024\" height=\"683\" title=\"Feira de Ci\u00eancias\" loading=\"lazy\" role=\"img\"\/><\/figure><\/div>\n\n\n\n<div class=\"wp-block-uagb-container uagb-block-55ce8709\">\n<div class=\"wp-block-uagb-advanced-heading uagb-block-af05013d\"><h2 class=\"uagb-heading-text\">Feira de Ci\u00eancias e Tecnologias<\/h2><\/div>\n\n\n\n<p>Apresenta\u00e7\u00e3o de experimentos de projetos cient\u00edficos e tecnol\u00f3gicos da Escola Siena. Culmin\u00e2ncia das pr\u00e1ticas cient\u00edficas exploradas durante o ano.<\/p>\n<\/div>\n<\/div>\n\n\n\n<div class=\"wp-block-uagb-container uagb-block-28916a42\">\n<div class=\"wp-block-uagb-container uagb-block-35bf94f3\">\n<div class=\"wp-block-uagb-advanced-heading uagb-block-90993b86\"><h2 class=\"uagb-heading-text\">Encontro Cultural<\/h2><\/div>\n\n\n\n<p>Explora\u00e7\u00e3o tem\u00e1tica e interdisciplinar de Culturas. Anualmente selecionado um tema diferente. S\u00e3o trabalhados todos os aspectos culturais de um pa\u00eds, povo ou regi\u00e3o, tendo cada turma um local diferente culminando em uma apresenta\u00e7\u00e3o de dan\u00e7a.<\/p>\n<\/div>\n\n\n\n<div class=\"wp-block-uagb-image aligncenter uagb-block-e595d907 wp-block-uagb-image--layout-default wp-block-uagb-image--effect-static wp-block-uagb-image--align-center\"><figure class=\"wp-block-uagb-image__figure\"><img decoding=\"async\" srcset=\"https:\/\/www.escolasiena.com.br\/wp-content\/uploads\/2024\/05\/Encontro-Cultural-edited.jpeg ,https:\/\/www.escolasiena.com.br\/wp-content\/uploads\/2024\/05\/Encontro-Cultural-edited.jpeg 780w, https:\/\/www.escolasiena.com.br\/wp-content\/uploads\/2024\/05\/Encontro-Cultural-edited.jpeg 360w\" sizes=\"auto, (max-width: 480px) 150px\" src=\"https:\/\/www.escolasiena.com.br\/wp-content\/uploads\/2024\/05\/Encontro-Cultural-edited.jpeg\" alt=\"\" class=\"uag-image-1227\" width=\"1024\" height=\"682\" title=\"Encontro Cultural\" loading=\"lazy\" role=\"img\"\/><\/figure><\/div>\n<\/div>\n\n\n\n<div class=\"wp-block-uagb-container uagb-block-dc351cfa\">\n<div class=\"wp-block-uagb-image aligncenter uagb-block-849d18cc wp-block-uagb-image--layout-default wp-block-uagb-image--effect-static wp-block-uagb-image--align-center\"><figure class=\"wp-block-uagb-image__figure\"><img decoding=\"async\" srcset=\"https:\/\/www.escolasiena.com.br\/wp-content\/uploads\/2024\/05\/JIN-COM-O-DIRETOR-edited.jpg ,https:\/\/www.escolasiena.com.br\/wp-content\/uploads\/2024\/05\/JIN-COM-O-DIRETOR-edited.jpg 780w, https:\/\/www.escolasiena.com.br\/wp-content\/uploads\/2024\/05\/JIN-COM-O-DIRETOR-edited.jpg 360w\" sizes=\"auto, (max-width: 480px) 150px\" src=\"https:\/\/www.escolasiena.com.br\/wp-content\/uploads\/2024\/05\/JIN-COM-O-DIRETOR-edited.jpg\" alt=\"\" class=\"uag-image-1230\" width=\"1024\" height=\"768\" title=\"JIN ((COM O DIRETOR))\" loading=\"lazy\" role=\"img\"\/><\/figure><\/div>\n\n\n\n<div class=\"wp-block-uagb-container uagb-block-080d4407\">\n<div class=\"wp-block-uagb-advanced-heading uagb-block-15b286bf\"><h2 class=\"uagb-heading-text\">Jogos Internos<\/h2><\/div>\n\n\n\n<p>Jogos Internos Siena (JINS) \u00e9 um torneio realizado entre turmas com diferentes modalidades de esportes e jogos. O objetivo \u00e9 propagar diversas tipos de esportes e cultivar o esp\u00edrito ol\u00edmpico nos alunos.<\/p>\n<\/div>\n<\/div>\n\n\n\n<div class=\"wp-block-uagb-container uagb-block-a5a63cf2\">\n<div class=\"wp-block-uagb-container uagb-block-31443596\">\n<div class=\"wp-block-uagb-advanced-heading uagb-block-861aa34b\"><h2 class=\"uagb-heading-text\">Aul\u00e3o da Virada<\/h2><\/div>\n\n\n\n<p>Visando preparar os alunos com uma expectativa realista sobre o ano seguinte, o aul\u00e3o da virada \u00e9 um momento de apresenta\u00e7\u00e3o da s\u00e9rie subsequente. Os alunos experimentam e s\u00e3o apresentados aos diferenciais que ter\u00e3o na pr\u00f3xima s\u00e9rie. Incentivando assim a conquista da aprova\u00e7\u00e3o na serie atual e a tranquilidade em se preparar para o ano vindouro.<\/p>\n<\/div>\n\n\n\n<div class=\"wp-block-uagb-image aligncenter uagb-block-0f68de77 wp-block-uagb-image--layout-default wp-block-uagb-image--effect-static wp-block-uagb-image--align-center\"><figure class=\"wp-block-uagb-image__figure\"><img decoding=\"async\" srcset=\"https:\/\/www.escolasiena.com.br\/wp-content\/uploads\/2024\/05\/Aulao-da-Virada.png ,https:\/\/www.escolasiena.com.br\/wp-content\/uploads\/2024\/05\/Aulao-da-Virada.png 780w, https:\/\/www.escolasiena.com.br\/wp-content\/uploads\/2024\/05\/Aulao-da-Virada.png 360w\" sizes=\"auto, (max-width: 480px) 150px\" src=\"https:\/\/www.escolasiena.com.br\/wp-content\/uploads\/2024\/05\/Aulao-da-Virada.png\" alt=\"\" class=\"uag-image-1222\" width=\"1024\" height=\"682\" title=\"Aul\u00e3o da Virada\" loading=\"lazy\" role=\"img\"\/><\/figure><\/div>\n<\/div>\n\n\n\n<div class=\"wp-block-uagb-container uagb-block-97c29224\">\n<div class=\"wp-block-uagb-image aligncenter uagb-block-b83531cd wp-block-uagb-image--layout-default wp-block-uagb-image--effect-static wp-block-uagb-image--align-center\"><figure class=\"wp-block-uagb-image__figure\"><img decoding=\"async\" srcset=\"https:\/\/www.escolasiena.com.br\/wp-content\/uploads\/2024\/05\/Celebracao-da-Paz-edited.jpeg ,https:\/\/www.escolasiena.com.br\/wp-content\/uploads\/2024\/05\/Celebracao-da-Paz-edited.jpeg 780w, https:\/\/www.escolasiena.com.br\/wp-content\/uploads\/2024\/05\/Celebracao-da-Paz-edited.jpeg 360w\" sizes=\"auto, (max-width: 480px) 150px\" src=\"https:\/\/www.escolasiena.com.br\/wp-content\/uploads\/2024\/05\/Celebracao-da-Paz-edited.jpeg\" alt=\"\" class=\"uag-image-1233\" width=\"1024\" height=\"768\" title=\"Celebra\u00e7\u00e3o da Paz\" loading=\"lazy\" role=\"img\"\/><\/figure><\/div>\n\n\n\n<div class=\"wp-block-uagb-container uagb-block-b92e55a2\">\n<div class=\"wp-block-uagb-advanced-heading uagb-block-56a9b81d\"><h2 class=\"uagb-heading-text\">Celebra\u00e7\u00e3o da Paz<\/h2><\/div>\n\n\n\n<p>Celebrado no final do ano reunindo pais, professores e alunos para agradecer pelo ano conclu\u00eddo. Momento de reflex\u00e3o pela paz e gratid\u00e3o pelas conquistas do ano.<\/p>\n<\/div>\n<\/div>\n<\/div><\/div>\n","protected":false},"excerpt":{"rendered":"<p>Projetos Escolares Dia da Fam\u00edlia Dia de integra\u00e7\u00e3o escola-fam\u00edlia, onde ocorrem apresenta\u00e7\u00e3o das propostas do ano, eventos culturais e oficinas. [&hellip;]<\/p>\n","protected":false},"author":1,"featured_media":0,"parent":0,"menu_order":4,"comment_status":"closed","ping_status":"closed","template":"","meta":{"_uag_custom_page_level_css":"","site-sidebar-layout":"default","site-content-layout":"","ast-site-content-layout":"default","site-content-style":"default","site-sidebar-style":"default","ast-global-header-display":"","ast-banner-title-visibility":"","ast-main-header-display":"","ast-hfb-above-header-display":"","ast-hfb-below-header-display":"","ast-hfb-mobile-header-display":"","site-post-title":"disabled","ast-breadcrumbs-content":"","ast-featured-img":"","footer-sml-layout":"","ast-disable-related-posts":"","theme-transparent-header-meta":"","adv-header-id-meta":"","stick-header-meta":"","header-above-stick-meta":"","header-main-stick-meta":"","header-below-stick-meta":"","astra-migrate-meta-layouts":"default","ast-page-background-enabled":"default","ast-page-background-meta":{"desktop":{"background-color":"var(--ast-global-color-4)","background-image":"","background-repeat":"repeat","background-position":"center center","background-size":"auto","background-attachment":"scroll","background-type":"","background-media":"","overlay-type":"","overlay-color":"","overlay-opacity":"","overlay-gradient":""},"tablet":{"background-color":"","background-image":"","background-repeat":"repeat","background-position":"center center","background-size":"auto","background-attachment":"scroll","background-type":"","background-media":"","overlay-type":"","overlay-color":"","overlay-opacity":"","overlay-gradient":""},"mobile":{"background-color":"","background-image":"","background-repeat":"repeat","background-position":"center center","background-size":"auto","background-attachment":"scroll","background-type":"","background-media":"","overlay-type":"","overlay-color":"","overlay-opacity":"","overlay-gradient":""}},"ast-content-background-meta":{"desktop":{"background-color":"var(--ast-global-color-5)","background-image":"","background-repeat":"repeat","background-position":"center center","background-size":"auto","background-attachment":"scroll","background-type":"","background-media":"","overlay-type":"","overlay-color":"","overlay-opacity":"","overlay-gradient":""},"tablet":{"background-color":"var(--ast-global-color-5)","background-image":"","background-repeat":"repeat","background-position":"center center","background-size":"auto","background-attachment":"scroll","background-type":"","background-media":"","overlay-type":"","overlay-color":"","overlay-opacity":"","overlay-gradient":""},"mobile":{"background-color":"var(--ast-global-color-5)","background-image":"","background-repeat":"repeat","background-position":"center center","background-size":"auto","background-attachment":"scroll","background-type":"","background-media":"","overlay-type":"","overlay-color":"","overlay-opacity":"","overlay-gradient":""}},"footnotes":""},"class_list":["post-45","page","type-page","status-publish","hentry"],"uagb_featured_image_src":{"full":false,"thumbnail":false,"medium":false,"medium_large":false,"large":false,"1536x1536":false,"2048x2048":false},"uagb_author_info":{"display_name":"esmeraldo","author_link":"https:\/\/www.escolasiena.com.br\/?author=1"},"uagb_comment_info":0,"uagb_excerpt":"Projetos Escolares Dia da Fam\u00edlia Dia de integra\u00e7\u00e3o escola-fam\u00edlia, onde ocorrem apresenta\u00e7\u00e3o das propostas do ano, eventos culturais e oficinas. [&hellip;]","_links":{"self":[{"href":"https:\/\/www.escolasiena.com.br\/index.php?rest_route=\/wp\/v2\/pages\/45","targetHints":{"allow":["GET"]}}],"collection":[{"href":"https:\/\/www.escolasiena.com.br\/index.php?rest_route=\/wp\/v2\/pages"}],"about":[{"href":"https:\/\/www.escolasiena.com.br\/index.php?rest_route=\/wp\/v2\/types\/page"}],"author":[{"embeddable":true,"href":"https:\/\/www.escolasiena.com.br\/index.php?rest_route=\/wp\/v2\/users\/1"}],"replies":[{"embeddable":true,"href":"https:\/\/www.escolasiena.com.br\/index.php?rest_route=%2Fwp%2Fv2%2Fcomments&post=45"}],"version-history":[{"count":72,"href":"https:\/\/www.escolasiena.com.br\/index.php?rest_route=\/wp\/v2\/pages\/45\/revisions"}],"predecessor-version":[{"id":1580,"href":"https:\/\/www.escolasiena.com.br\/index.php?rest_route=\/wp\/v2\/pages\/45\/revisions\/1580"}],"wp:attachment":[{"href":"https:\/\/www.escolasiena.com.br\/index.php?rest_route=%2Fwp%2Fv2%2Fmedia&parent=45"}],"curies":[{"name":"wp","href":"https:\/\/api.w.org\/{rel}","templated":true}]}}