{"id":47,"date":"2024-03-14T18:28:20","date_gmt":"2024-03-14T21:28:20","guid":{"rendered":"https:\/\/escola-siena-v3.local\/?page_id=47"},"modified":"2024-06-21T10:29:09","modified_gmt":"2024-06-21T13:29:09","slug":"atividades","status":"publish","type":"page","link":"https:\/\/www.escolasiena.com.br\/?page_id=47","title":{"rendered":"Olimp\u00edadas"},"content":{"rendered":"\n<div class=\"wp-block-uagb-container uagb-block-ea3d3efb alignfull uagb-is-root-container\"><div class=\"uagb-container-inner-blocks-wrap\">\n<div class=\"wp-block-uagb-advanced-heading uagb-block-6fa56046\"><h2 class=\"uagb-heading-text\">Olimp\u00edadas<\/h2><\/div>\n<\/div><\/div>\n\n\n\n<div class=\"wp-block-uagb-container uagb-block-2239791e alignfull uagb-is-root-container\"><div class=\"uagb-container-inner-blocks-wrap\">\n<div class=\"wp-block-uagb-container uagb-block-f93f2e6b\">\n<div class=\"wp-block-uagb-advanced-heading uagb-block-1c35a11e\"><h2 class=\"uagb-heading-text\">Olimp\u00edada Brasileira de Astronomia e Astron\u00e1utica<\/h2><\/div>\n\n\n\n<p style=\"font-size:18px\">A OBA \u00e9 um evento aberto \u00e0 participa\u00e7\u00e3o de escolas p\u00fablicas ou privadas, para alunos do primeiro ano do ensino fundamental at\u00e9 os do \u00faltimo ano do ensino m\u00e9dio. A OBA ocorre totalmente dentro da pr\u00f3pria escola, tem uma \u00fanica fase e \u00e9 realizada dentro de um s\u00f3 ano letivo. A OBA tem como objetivo principal difundir o conhecimento astron\u00f4mico pela sociedade brasileira, fomentar o interesse dos jovens pela Astronomia e pela Astron\u00e1utica e ci\u00eancias afins.<\/p>\n<\/div>\n\n\n\n<div class=\"wp-block-uagb-container uagb-block-127438b1\">\n<div class=\"wp-block-uagb-image uagb-block-cce8cc54 wp-block-uagb-image--layout-default wp-block-uagb-image--effect-static wp-block-uagb-image--align-none\"><figure class=\"wp-block-uagb-image__figure\"><img decoding=\"async\" srcset=\"https:\/\/www.escolasiena.com.br\/wp-content\/uploads\/2024\/03\/NOVA-LOGOMARCA-OBA-1024x549.jpg ,https:\/\/www.escolasiena.com.br\/wp-content\/uploads\/2024\/03\/NOVA-LOGOMARCA-OBA.jpg 780w, https:\/\/www.escolasiena.com.br\/wp-content\/uploads\/2024\/03\/NOVA-LOGOMARCA-OBA.jpg 360w\" sizes=\"auto, (max-width: 480px) 150px\" src=\"https:\/\/www.escolasiena.com.br\/wp-content\/uploads\/2024\/03\/NOVA-LOGOMARCA-OBA-1024x549.jpg\" alt=\"\" class=\"uag-image-170\" width=\"1120\" height=\"600\" title=\"Logo OBA\" loading=\"lazy\" role=\"img\"\/><\/figure><\/div>\n<\/div>\n<\/div><\/div>\n\n\n\n<div style=\"height:53px\" aria-hidden=\"true\" class=\"wp-block-spacer\"><\/div>\n\n\n\n<div class=\"wp-block-uagb-container uagb-block-8cc88496 alignfull uagb-is-root-container\"><div class=\"uagb-container-inner-blocks-wrap\">\n<div class=\"wp-block-uagb-container uagb-block-c1996652\">\n<div class=\"wp-block-uagb-image uagb-block-a6653e5c wp-block-uagb-image--layout-default wp-block-uagb-image--effect-static wp-block-uagb-image--align-none\"><figure class=\"wp-block-uagb-image__figure\"><img decoding=\"async\" srcset=\"https:\/\/www.escolasiena.com.br\/wp-content\/uploads\/2024\/03\/OBE.jpg ,https:\/\/www.escolasiena.com.br\/wp-content\/uploads\/2024\/03\/OBE.jpg 780w, https:\/\/www.escolasiena.com.br\/wp-content\/uploads\/2024\/03\/OBE.jpg 360w\" sizes=\"auto, (max-width: 480px) 150px\" src=\"https:\/\/www.escolasiena.com.br\/wp-content\/uploads\/2024\/03\/OBE.jpg\" alt=\"\" class=\"uag-image-184\" width=\"1024\" height=\"187\" title=\"Logo OBE\" loading=\"lazy\" role=\"img\"\/><\/figure><\/div>\n<\/div>\n\n\n\n<div class=\"wp-block-uagb-container uagb-block-f0804c74\">\n<div class=\"wp-block-uagb-advanced-heading uagb-block-d87d5418\"><h2 class=\"uagb-heading-text\">Olimp\u00edada Brasileira de Empreendedorismo<\/h2><\/div>\n\n\n\n<p style=\"font-size:18px\">A OBE \u00e9 destinada a alunos do 6\u00ba ano do Ensino Fundamental at\u00e9 o 3\u00ba ano do Ensino M\u00e9dio de escolas p\u00fablicas municipais, estaduais e federais, e escolas privadas, bem como aos respectivos professores, educadores, e escolas, todos localizados no territ\u00f3rio brasileiro. A Olimp\u00edada Brasileira de Empreendedorismo tem como objetivo principal fomentar o Empreendedorismo e a Educa\u00e7\u00e3o Empreendedora nos jovens do nosso Brasil.<\/p>\n<\/div>\n<\/div><\/div>\n\n\n\n<div style=\"height:53px\" aria-hidden=\"true\" class=\"wp-block-spacer\"><\/div>\n\n\n\n<div class=\"wp-block-uagb-container uagb-block-9038a2e2 alignfull uagb-is-root-container\"><div class=\"uagb-container-inner-blocks-wrap\">\n<div class=\"wp-block-uagb-container uagb-block-b015a4e1\">\n<div class=\"wp-block-uagb-advanced-heading uagb-block-217a45e1\"><h2 class=\"uagb-heading-text\">Olimp\u00edada Brasileira de Geografia<\/h2><\/div>\n\n\n\n<p style=\"font-size:18px\">A Olimp\u00edada Brasileira de Geografia (OBG) conta com uma fase nacional e uma internacional. \u00c9 uma iniciativa de valoriza\u00e7\u00e3o da ci\u00eancia geogr\u00e1fica na escola, a qual promove conhecimento, novas experi\u00eancias e estimula o interesse de alunos e professores em desenvolver suas habilidades em an\u00e1lises e interpreta\u00e7\u00f5es dos fen\u00f4menos geogr\u00e1ficos.<\/p>\n<\/div>\n\n\n\n<div class=\"wp-block-uagb-container uagb-block-258aaeb8\">\n<div class=\"wp-block-uagb-image uagb-block-401e1ad0 wp-block-uagb-image--layout-default wp-block-uagb-image--effect-static wp-block-uagb-image--align-none\"><figure class=\"wp-block-uagb-image__figure\"><img decoding=\"async\" srcset=\"https:\/\/www.escolasiena.com.br\/wp-content\/uploads\/2024\/03\/LOGO-OBG.png ,https:\/\/www.escolasiena.com.br\/wp-content\/uploads\/2024\/03\/LOGO-OBG.png 780w, https:\/\/www.escolasiena.com.br\/wp-content\/uploads\/2024\/03\/LOGO-OBG.png 360w\" sizes=\"auto, (max-width: 480px) 150px\" src=\"https:\/\/www.escolasiena.com.br\/wp-content\/uploads\/2024\/03\/LOGO-OBG.png\" alt=\"\" class=\"uag-image-172\" width=\"445\" height=\"129\" title=\"Logo OBG\" loading=\"lazy\" role=\"img\"\/><\/figure><\/div>\n<\/div>\n<\/div><\/div>\n\n\n\n<div style=\"height:53px\" aria-hidden=\"true\" class=\"wp-block-spacer\"><\/div>\n\n\n\n<div class=\"wp-block-uagb-container uagb-block-70940f2a alignfull uagb-is-root-container\"><div class=\"uagb-container-inner-blocks-wrap\">\n<div class=\"wp-block-uagb-container uagb-block-bb50f126\">\n<div class=\"wp-block-uagb-image uagb-block-724b8508 wp-block-uagb-image--layout-default wp-block-uagb-image--effect-static wp-block-uagb-image--align-none\"><figure class=\"wp-block-uagb-image__figure\"><img decoding=\"async\" srcset=\"https:\/\/www.escolasiena.com.br\/wp-content\/uploads\/2024\/03\/LOGO-OBMEP-1024x462.jpg ,https:\/\/www.escolasiena.com.br\/wp-content\/uploads\/2024\/03\/LOGO-OBMEP.jpg 780w, https:\/\/www.escolasiena.com.br\/wp-content\/uploads\/2024\/03\/LOGO-OBMEP.jpg 360w\" sizes=\"auto, (max-width: 480px) 150px\" src=\"https:\/\/www.escolasiena.com.br\/wp-content\/uploads\/2024\/03\/LOGO-OBMEP-1024x462.jpg\" alt=\"\" class=\"uag-image-179\" width=\"1024\" height=\"462\" title=\"Logo OBMEP\" loading=\"lazy\" role=\"img\"\/><\/figure><\/div>\n<\/div>\n\n\n\n<div class=\"wp-block-uagb-container uagb-block-6a1c5562\">\n<div class=\"wp-block-uagb-advanced-heading uagb-block-38672791\"><h2 class=\"uagb-heading-text\">OBMEP\/OBMEP MIRIM<\/h2><\/div>\n\n\n\n<p style=\"font-size:18px\">A Olimp\u00edada Brasileira de Matem\u00e1tica das Escolas P\u00fablicas &#8211; OBMEP \u00e9 um projeto nacional dirigido \u00e0s escolas p\u00fablicas e privadas brasileiras, realizado pelo Instituto de Matem\u00e1tica Pura e Aplicada &#8211; IMPA, com o apoio da Sociedade Brasileira de Matem\u00e1tica \u2013 SBM, e promovida com recursos do Minist\u00e9rio da Educa\u00e7\u00e3o &#8211; MEC e do Minist\u00e9rio da Ci\u00eancia, Tecnologia e Inova\u00e7\u00e3o &#8211; MCTI.<\/p>\n<\/div>\n<\/div><\/div>\n\n\n\n<div style=\"height:53px\" aria-hidden=\"true\" class=\"wp-block-spacer\"><\/div>\n\n\n\n<div class=\"wp-block-uagb-container uagb-block-6527e30f alignfull uagb-is-root-container\"><div class=\"uagb-container-inner-blocks-wrap\">\n<div class=\"wp-block-uagb-container uagb-block-59bb73d2\">\n<div class=\"wp-block-uagb-advanced-heading uagb-block-8198365a\"><h2 class=\"uagb-heading-text\">Olimp\u00edada Nacional de Ci\u00eancias<\/h2><\/div>\n\n\n\n<p style=\"font-size:18px\">A Olimp\u00edada Nacional de Ci\u00eancias&nbsp;\u00e9 promovida pelo Minist\u00e9rio da Ci\u00eancia, Tecnologia e Inova\u00e7\u00e3o e tem como objetivos&nbsp;despertar e estimular o interesse pelo estudo das ci\u00eancias naturais; al\u00e9m de identificar estudantes talentosos e incentivar seu ingresso nas \u00e1reas cient\u00edficas e tecnol\u00f3gicas.<\/p>\n<\/div>\n\n\n\n<div class=\"wp-block-uagb-container uagb-block-3cf91f3f\">\n<div class=\"wp-block-uagb-image uagb-block-9c99b163 wp-block-uagb-image--layout-default wp-block-uagb-image--effect-static wp-block-uagb-image--align-none\"><figure class=\"wp-block-uagb-image__figure\"><img decoding=\"async\" srcset=\"https:\/\/www.escolasiena.com.br\/wp-content\/uploads\/2024\/03\/LOGO-ONC-1.png ,https:\/\/www.escolasiena.com.br\/wp-content\/uploads\/2024\/03\/LOGO-ONC-1.png 780w, https:\/\/www.escolasiena.com.br\/wp-content\/uploads\/2024\/03\/LOGO-ONC-1.png 360w\" sizes=\"auto, (max-width: 480px) 150px\" src=\"https:\/\/www.escolasiena.com.br\/wp-content\/uploads\/2024\/03\/LOGO-ONC-1.png\" alt=\"\" class=\"uag-image-188\" width=\"456\" height=\"152\" title=\"Logo ONC\" loading=\"lazy\" role=\"img\"\/><\/figure><\/div>\n<\/div>\n<\/div><\/div>\n\n\n\n<div style=\"height:53px\" aria-hidden=\"true\" class=\"wp-block-spacer\"><\/div>\n\n\n\n<div class=\"wp-block-uagb-container uagb-block-4852e6e3 alignfull uagb-is-root-container\"><div class=\"uagb-container-inner-blocks-wrap\">\n<div class=\"wp-block-uagb-container uagb-block-1e2a1743\">\n<div class=\"wp-block-uagb-image uagb-block-01124406 wp-block-uagb-image--layout-default wp-block-uagb-image--effect-static wp-block-uagb-image--align-none\"><figure class=\"wp-block-uagb-image__figure\"><img decoding=\"async\" srcset=\"https:\/\/www.escolasiena.com.br\/wp-content\/uploads\/2024\/03\/LOGO-OAL-1024x237.jpg ,https:\/\/www.escolasiena.com.br\/wp-content\/uploads\/2024\/03\/LOGO-OAL.jpg 780w, https:\/\/www.escolasiena.com.br\/wp-content\/uploads\/2024\/03\/LOGO-OAL.jpg 360w\" sizes=\"auto, (max-width: 480px) 150px\" src=\"https:\/\/www.escolasiena.com.br\/wp-content\/uploads\/2024\/03\/LOGO-OAL-1024x237.jpg\" alt=\"\" class=\"uag-image-183\" width=\"1024\" height=\"237\" title=\"Logo OAL\" loading=\"lazy\" role=\"img\"\/><\/figure><\/div>\n<\/div>\n\n\n\n<div class=\"wp-block-uagb-container uagb-block-11a26490\">\n<div class=\"wp-block-uagb-advanced-heading uagb-block-5a0700b7\"><h2 class=\"uagb-heading-text\">Olimp\u00edada \u00c1rvore de Livros<\/h2><\/div>\n\n\n\n<p style=\"font-size:18px\">A Olimp\u00edada \u00c1rvore de Livros \u00e9 um concurso de leitura com&nbsp;<strong>desafios semanais<\/strong>, que traz como eixos duas diretrizes fundamentais: o<strong>&nbsp;desenvolvimento de habilidades do s\u00e9culo XXI<\/strong>&nbsp;por meio da leitura e a&nbsp;<strong>experi\u00eancia h\u00edbrida<\/strong>, que une os universos digital e f\u00edsico de modo ramificado.<\/p>\n<\/div>\n<\/div><\/div>\n\n\n\n<div style=\"height:53px\" aria-hidden=\"true\" class=\"wp-block-spacer\"><\/div>\n\n\n\n<div class=\"wp-block-uagb-container uagb-block-e2193465 alignfull uagb-is-root-container\"><div class=\"uagb-container-inner-blocks-wrap\">\n<div class=\"wp-block-uagb-container uagb-block-95ba1f49\">\n<div class=\"wp-block-uagb-advanced-heading uagb-block-8209d84f\"><h2 class=\"uagb-heading-text\">Olimp\u00edada de Portugu\u00eas<\/h2><\/div>\n\n\n\n<p style=\"font-size:18px\">A Olimp\u00edada de Portugu\u00eas (OP) \u00e9 uma competi\u00e7\u00e3o nacional para alunos do Ensino Fundamental e do Ensino M\u00e9dio, de escolas p\u00fablicas e privadas. Suas provas e materiais prop\u00f5em a reflex\u00e3o sobre nossa L\u00edngua por meio de problemas, jogos e desafios idiom\u00e1ticos, bem como por meio de textos cl\u00e1ssicos de excel\u00eancia e de prov\u00e9rbios da sabedoria popular.<\/p>\n<\/div>\n\n\n\n<div class=\"wp-block-uagb-container uagb-block-633dbb8b\">\n<div class=\"wp-block-uagb-image uagb-block-41e616ff wp-block-uagb-image--layout-default wp-block-uagb-image--effect-static wp-block-uagb-image--align-none\"><figure class=\"wp-block-uagb-image__figure\"><img decoding=\"async\" srcset=\"https:\/\/www.escolasiena.com.br\/wp-content\/uploads\/2024\/03\/LOGO-OP-1024x315.png ,https:\/\/www.escolasiena.com.br\/wp-content\/uploads\/2024\/03\/LOGO-OP.png 780w, https:\/\/www.escolasiena.com.br\/wp-content\/uploads\/2024\/03\/LOGO-OP.png 360w\" sizes=\"auto, (max-width: 480px) 150px\" src=\"https:\/\/www.escolasiena.com.br\/wp-content\/uploads\/2024\/03\/LOGO-OP-1024x315.png\" alt=\"\" class=\"uag-image-182\" width=\"407\" height=\"125\" title=\"Logo OP\" loading=\"lazy\" role=\"img\"\/><\/figure><\/div>\n<\/div>\n<\/div><\/div>\n\n\n\n<div style=\"height:53px\" aria-hidden=\"true\" class=\"wp-block-spacer\"><\/div>\n\n\n\n<div class=\"wp-block-uagb-container uagb-block-72b5b213 alignfull uagb-is-root-container\"><div class=\"uagb-container-inner-blocks-wrap\">\n<div class=\"wp-block-uagb-container uagb-block-336beef9\">\n<div class=\"wp-block-uagb-image uagb-block-5bcb9ad5 wp-block-uagb-image--layout-default wp-block-uagb-image--effect-static wp-block-uagb-image--align-none\"><figure class=\"wp-block-uagb-image__figure\"><img decoding=\"async\" srcset=\"https:\/\/www.escolasiena.com.br\/wp-content\/uploads\/2024\/03\/LOGO-OIM-1024x475.png ,https:\/\/www.escolasiena.com.br\/wp-content\/uploads\/2024\/03\/LOGO-OIM.png 780w, https:\/\/www.escolasiena.com.br\/wp-content\/uploads\/2024\/03\/LOGO-OIM.png 360w\" sizes=\"auto, (max-width: 480px) 150px\" src=\"https:\/\/www.escolasiena.com.br\/wp-content\/uploads\/2024\/03\/LOGO-OIM-1024x475.png\" alt=\"\" class=\"uag-image-180\" width=\"1024\" height=\"237\" title=\"Logo OIM\" loading=\"lazy\" role=\"img\"\/><\/figure><\/div>\n<\/div>\n\n\n\n<div class=\"wp-block-uagb-container uagb-block-1d8248ec\">\n<div class=\"wp-block-uagb-advanced-heading uagb-block-645b89f8\"><h2 class=\"uagb-heading-text\">Olimp\u00edada Itabirana de Matem\u00e1tica<\/h2><\/div>\n\n\n\n<p style=\"font-size:18px\">A Olimp\u00edada Itabirana de Matem\u00e1tica &#8211; OIM \u00e9 uma competi\u00e7\u00e3o voltada para alunos das escolas p\u00fablicas ou privadas brasileiras. A OIM \u00e9 destinada a alunos matriculados do 6\u00ba ao 9\u00ba anos do Ensino Fundamental e alunos matriculados em qualquer s\u00e9rie do Ensino M\u00e9dio de escolas p\u00fablicas ou privadas brasileiras.<\/p>\n<\/div>\n<\/div><\/div>\n\n\n\n<div style=\"height:53px\" aria-hidden=\"true\" class=\"wp-block-spacer\"><\/div>\n\n\n\n<div class=\"wp-block-uagb-container uagb-block-a4acf0ee alignfull uagb-is-root-container\"><div class=\"uagb-container-inner-blocks-wrap\">\n<div class=\"wp-block-uagb-container uagb-block-cb74e8e3\">\n<div class=\"wp-block-uagb-advanced-heading uagb-block-e1223eb1\"><h2 class=\"uagb-heading-text\">Olimp\u00edada Canguru<\/h2><\/div>\n\n\n\n<p style=\"font-size:18px\">O Concurso Canguru \u00e9 aberto a todos os estudantes do 3\u00ba ano do Fundamental I at\u00e9 a 3\u00aa s\u00e9rie do Ensino M\u00e9dio que desejam se dedicar e desafiar seus conhecimentos Matem\u00e1ticos. S\u00e3o apresentadas quest\u00f5es de racioc\u00ednio l\u00f3gico e resolu\u00e7\u00e3o de problemas que buscam encorajar o engajamento e despertar o amor pela Matem\u00e1tica!<\/p>\n<\/div>\n\n\n\n<div class=\"wp-block-uagb-container uagb-block-f28eb092\">\n<div class=\"wp-block-uagb-image uagb-block-2e4328cc wp-block-uagb-image--layout-default wp-block-uagb-image--effect-static wp-block-uagb-image--align-none\"><figure class=\"wp-block-uagb-image__figure\"><img decoding=\"async\" srcset=\"https:\/\/www.escolasiena.com.br\/wp-content\/uploads\/2024\/03\/logo-canguru-de-matematica.9fb5d88b.jpg ,https:\/\/www.escolasiena.com.br\/wp-content\/uploads\/2024\/03\/logo-canguru-de-matematica.9fb5d88b.jpg 780w, https:\/\/www.escolasiena.com.br\/wp-content\/uploads\/2024\/03\/logo-canguru-de-matematica.9fb5d88b.jpg 360w\" sizes=\"auto, (max-width: 480px) 150px\" src=\"https:\/\/www.escolasiena.com.br\/wp-content\/uploads\/2024\/03\/logo-canguru-de-matematica.9fb5d88b.jpg\" alt=\"\" class=\"uag-image-171\" width=\"311\" height=\"134\" title=\"Logo Olimp\u00edadas Canguru de Matem\u00e1tica\" loading=\"lazy\" role=\"img\"\/><\/figure><\/div>\n<\/div>\n<\/div><\/div>\n\n\n\n<div style=\"height:53px\" aria-hidden=\"true\" class=\"wp-block-spacer\"><\/div>\n\n\n\n<div class=\"wp-block-uagb-container uagb-block-a3782d51 alignfull uagb-is-root-container\"><div class=\"uagb-container-inner-blocks-wrap\">\n<div class=\"wp-block-uagb-container uagb-block-16fb6430\">\n<div class=\"wp-block-uagb-image uagb-block-e28ce3d4 wp-block-uagb-image--layout-default wp-block-uagb-image--effect-static wp-block-uagb-image--align-none\"><figure class=\"wp-block-uagb-image__figure\"><img decoding=\"async\" srcset=\"https:\/\/www.escolasiena.com.br\/wp-content\/uploads\/2024\/04\/COPA-COLEGIAL.png ,https:\/\/www.escolasiena.com.br\/wp-content\/uploads\/2024\/04\/COPA-COLEGIAL.png 780w, https:\/\/www.escolasiena.com.br\/wp-content\/uploads\/2024\/04\/COPA-COLEGIAL.png 360w\" sizes=\"auto, (max-width: 480px) 150px\" src=\"https:\/\/www.escolasiena.com.br\/wp-content\/uploads\/2024\/04\/COPA-COLEGIAL.png\" alt=\"\" class=\"uag-image-463\" width=\"1024\" height=\"452\" title=\"Logo Copa Colegial de Empreendedorismo\" loading=\"lazy\" role=\"img\"\/><\/figure><\/div>\n<\/div>\n\n\n\n<div class=\"wp-block-uagb-container uagb-block-7d4f0695\">\n<div class=\"wp-block-uagb-advanced-heading uagb-block-be767489\"><h3 class=\"uagb-heading-text\">Copa Colegial de Empreendedorismo<\/h3><\/div>\n\n\n\n<p style=\"font-size:18px\">O projeto tem como objetivo estimular o&nbsp;ensino do empreendedorismo&nbsp;em escolas de todo o Brasil e desenvolver o talento empreendedor em adolescentes e jovens do ensino m\u00e9dio por meio de uma competi\u00e7\u00e3o que eleger\u00e1 a melhor ideia de neg\u00f3cio, proporcionando aos vencedores&nbsp;bolsas de estudo para Faculdade&nbsp;e uma viagem inesquec\u00edvel ao Vale do Sil\u00edcio para participar do&nbsp;Silicon Valley BootCamp\u00ae. A inten\u00e7\u00e3o \u00e9 que o projeto se perpetue com edi\u00e7\u00f5es anuais.<\/p>\n<\/div>\n<\/div><\/div>\n","protected":false},"excerpt":{"rendered":"<p>Olimp\u00edadas Olimp\u00edada Brasileira de Astronomia e Astron\u00e1utica A OBA \u00e9 um evento aberto \u00e0 participa\u00e7\u00e3o de escolas p\u00fablicas ou privadas, [&hellip;]<\/p>\n","protected":false},"author":1,"featured_media":0,"parent":0,"menu_order":3,"comment_status":"closed","ping_status":"closed","template":"","meta":{"_uag_custom_page_level_css":"","site-sidebar-layout":"default","site-content-layout":"","ast-site-content-layout":"default","site-content-style":"default","site-sidebar-style":"default","ast-global-header-display":"","ast-banner-title-visibility":"","ast-main-header-display":"","ast-hfb-above-header-display":"","ast-hfb-below-header-display":"","ast-hfb-mobile-header-display":"","site-post-title":"disabled","ast-breadcrumbs-content":"","ast-featured-img":"","footer-sml-layout":"","ast-disable-related-posts":"","theme-transparent-header-meta":"","adv-header-id-meta":"","stick-header-meta":"","header-above-stick-meta":"","header-main-stick-meta":"","header-below-stick-meta":"","astra-migrate-meta-layouts":"default","ast-page-background-enabled":"default","ast-page-background-meta":{"desktop":{"background-color":"var(--ast-global-color-4)","background-image":"","background-repeat":"repeat","background-position":"center center","background-size":"auto","background-attachment":"scroll","background-type":"","background-media":"","overlay-type":"","overlay-color":"","overlay-opacity":"","overlay-gradient":""},"tablet":{"background-color":"","background-image":"","background-repeat":"repeat","background-position":"center center","background-size":"auto","background-attachment":"scroll","background-type":"","background-media":"","overlay-type":"","overlay-color":"","overlay-opacity":"","overlay-gradient":""},"mobile":{"background-color":"","background-image":"","background-repeat":"repeat","background-position":"center center","background-size":"auto","background-attachment":"scroll","background-type":"","background-media":"","overlay-type":"","overlay-color":"","overlay-opacity":"","overlay-gradient":""}},"ast-content-background-meta":{"desktop":{"background-color":"var(--ast-global-color-5)","background-image":"","background-repeat":"repeat","background-position":"center center","background-size":"auto","background-attachment":"scroll","background-type":"","background-media":"","overlay-type":"","overlay-color":"","overlay-opacity":"","overlay-gradient":""},"tablet":{"background-color":"var(--ast-global-color-5)","background-image":"","background-repeat":"repeat","background-position":"center center","background-size":"auto","background-attachment":"scroll","background-type":"","background-media":"","overlay-type":"","overlay-color":"","overlay-opacity":"","overlay-gradient":""},"mobile":{"background-color":"var(--ast-global-color-5)","background-image":"","background-repeat":"repeat","background-position":"center center","background-size":"auto","background-attachment":"scroll","background-type":"","background-media":"","overlay-type":"","overlay-color":"","overlay-opacity":"","overlay-gradient":""}},"footnotes":""},"class_list":["post-47","page","type-page","status-publish","hentry"],"uagb_featured_image_src":{"full":false,"thumbnail":false,"medium":false,"medium_large":false,"large":false,"1536x1536":false,"2048x2048":false},"uagb_author_info":{"display_name":"esmeraldo","author_link":"https:\/\/www.escolasiena.com.br\/?author=1"},"uagb_comment_info":0,"uagb_excerpt":"Olimp\u00edadas Olimp\u00edada Brasileira de Astronomia e Astron\u00e1utica A OBA \u00e9 um evento aberto \u00e0 participa\u00e7\u00e3o de escolas p\u00fablicas ou privadas, [&hellip;]","_links":{"self":[{"href":"https:\/\/www.escolasiena.com.br\/index.php?rest_route=\/wp\/v2\/pages\/47","targetHints":{"allow":["GET"]}}],"collection":[{"href":"https:\/\/www.escolasiena.com.br\/index.php?rest_route=\/wp\/v2\/pages"}],"about":[{"href":"https:\/\/www.escolasiena.com.br\/index.php?rest_route=\/wp\/v2\/types\/page"}],"author":[{"embeddable":true,"href":"https:\/\/www.escolasiena.com.br\/index.php?rest_route=\/wp\/v2\/users\/1"}],"replies":[{"embeddable":true,"href":"https:\/\/www.escolasiena.com.br\/index.php?rest_route=%2Fwp%2Fv2%2Fcomments&post=47"}],"version-history":[{"count":29,"href":"https:\/\/www.escolasiena.com.br\/index.php?rest_route=\/wp\/v2\/pages\/47\/revisions"}],"predecessor-version":[{"id":1590,"href":"https:\/\/www.escolasiena.com.br\/index.php?rest_route=\/wp\/v2\/pages\/47\/revisions\/1590"}],"wp:attachment":[{"href":"https:\/\/www.escolasiena.com.br\/index.php?rest_route=%2Fwp%2Fv2%2Fmedia&parent=47"}],"curies":[{"name":"wp","href":"https:\/\/api.w.org\/{rel}","templated":true}]}}